{"id":525,"date":"2025-09-30T16:27:22","date_gmt":"2025-09-30T14:27:22","guid":{"rendered":"https:\/\/carl-composite.eu\/erklaerung-zur-barrierefreiheit\/"},"modified":"2025-10-14T09:41:50","modified_gmt":"2025-10-14T07:41:50","slug":"erklaerung-zur-barrierefreiheit","status":"publish","type":"page","link":"https:\/\/carl-composite.eu\/de\/erklaerung-zur-barrierefreiheit\/","title":{"rendered":"Erkl\u00e4rung zur Barrierefreiheit"},"content":{"rendered":"\t\t<div data-elementor-type=\"wp-page\" data-elementor-id=\"525\" class=\"elementor elementor-525 elementor-176\" data-elementor-post-type=\"page\">\n\t\t\t\t<div class=\"elementor-element elementor-element-257acb66 e-flex e-con-boxed e-con e-parent\" data-id=\"257acb66\" data-element_type=\"container\" data-e-type=\"container\">\n\t\t\t\t\t<div class=\"e-con-inner\">\n\t\t\t\t<div class=\"elementor-element elementor-element-2fa94a6 elementor-widget elementor-widget-text-editor\" data-id=\"2fa94a6\" data-element_type=\"widget\" data-e-type=\"widget\" data-widget_type=\"text-editor.default\">\n\t\t\t\t<div class=\"elementor-widget-container\">\n\t\t\t\t\t\t\t\t\t\n<h6 class=\"wp-block-heading has-text-align-center\">Erkl\u00e4rung zur Barrierefreiheit f\u00fcr https:\/\/carl-composite.eu\/<\/h6>\n\n<p>Carl Composite ist bestrebt, digitale Barrierefreiheit f\u00fcr Menschen mit Behinderungen zu gew\u00e4hrleisten. Wir verbessern kontinuierlich die Benutzererfahrung f\u00fcr alle und wenden die relevanten Zug\u00e4nglichkeitsstandards an. <\/p>\n\n<p>Konformit\u00e4tsstatus<\/p>\n\n<p>Die Richtlinien f\u00fcr barrierefreie Webinhalte (WCAG) legen die Anforderungen fest, denen Designer und Entwickler entsprechen m\u00fcssen, um die Barrierefreiheit f\u00fcr Menschen mit Behinderungen zu verbessern. Sie definieren drei Konformit\u00e4tsstufen: Stufe A, Stufe AA und Stufe AAA. <\/p>\n\n<p>Carl Composite ist st\u00e4ndig bestrebt, die Barrierefreiheit seiner Website und seiner Dienste zu verbessern, in der \u00dcberzeugung, dass es unsere kollektive moralische Pflicht ist, denjenigen unter uns, die eine Behinderung haben, eine reibungslose, zug\u00e4ngliche und ungehinderte Nutzung zu erm\u00f6glichen.<\/p>\n\n<p>Wir bem\u00fchen uns, alle Seiten und Inhalte der Website https:\/\/carl-composite.eu\/ barrierefrei zu gestalten, aber einige Inhalte entsprechen m\u00f6glicherweise noch nicht vollst\u00e4ndig den h\u00f6chsten Zug\u00e4nglichkeitsstandards. Dies kann auf Schwierigkeiten bei der Identifizierung der am besten geeigneten technologischen L\u00f6sung zur\u00fcckzuf\u00fchren sein. <\/p>\n\n<p>Wir k\u00f6nnen diese Erkl\u00e4rung regelm\u00e4\u00dfig \u00fcberarbeiten, um Verbesserungen oder \u00c4nderungen an unseren Praktiken zur Barrierefreiheit widerzuspiegeln.<\/p>\n\n<p>Feedback<\/p>\n\n<p>Wir freuen uns \u00fcber Ihr Feedback zur Barrierefreiheit der Carl Composite Website. Bitte teilen Sie uns mit, wenn Sie auf unserer Website Barrieren bez\u00fcglich der Barrierefreiheit feststellen: <\/p>\n\n<p>E-Mail: contact@carl-composite.eu<\/p>\n\n<p>Wir bem\u00fchen uns, innerhalb von 3 bis 5 Werktagen auf Feedback zu antworten.<\/p>\n\n<p>Diese Erkl\u00e4rung wurde erstellt am 30.09.2025.<\/p>\n\t\t\t\t\t\t\t\t<\/div>\n\t\t\t\t<\/div>\n\t\t\t\t\t<\/div>\n\t\t\t\t<\/div>\n\t\t\t\t<\/div>\n\t\t","protected":false},"excerpt":{"rendered":"<p>Erkl\u00e4rung zur Barrierefreiheit f\u00fcr https:\/\/carl-composite.eu\/ Carl Composite ist bestrebt, digitale Barrierefreiheit f\u00fcr Menschen mit Behinderungen zu gew\u00e4hrleisten. Wir verbessern kontinuierlich die Benutzererfahrung f\u00fcr alle und wenden die relevanten Zug\u00e4nglichkeitsstandards an. Konformit\u00e4tsstatus Die Richtlinien f\u00fcr barrierefreie Webinhalte (WCAG) legen die Anforderungen fest, denen Designer und Entwickler entsprechen m\u00fcssen, um die Barrierefreiheit f\u00fcr Menschen mit Behinderungen zu [&hellip;]<\/p>\n","protected":false},"author":1,"featured_media":0,"parent":0,"menu_order":0,"comment_status":"closed","ping_status":"closed","template":"elementor_header_footer","meta":{"_acf_changed":false,"rank_math_robots":"","footnotes":""},"class_list":["post-525","page","type-page","status-publish","hentry"],"acf":[],"_links":{"self":[{"href":"https:\/\/carl-composite.eu\/de\/wp-json\/wp\/v2\/pages\/525","targetHints":{"allow":["GET"]}}],"collection":[{"href":"https:\/\/carl-composite.eu\/de\/wp-json\/wp\/v2\/pages"}],"about":[{"href":"https:\/\/carl-composite.eu\/de\/wp-json\/wp\/v2\/types\/page"}],"author":[{"embeddable":true,"href":"https:\/\/carl-composite.eu\/de\/wp-json\/wp\/v2\/users\/1"}],"replies":[{"embeddable":true,"href":"https:\/\/carl-composite.eu\/de\/wp-json\/wp\/v2\/comments?post=525"}],"version-history":[{"count":2,"href":"https:\/\/carl-composite.eu\/de\/wp-json\/wp\/v2\/pages\/525\/revisions"}],"predecessor-version":[{"id":993,"href":"https:\/\/carl-composite.eu\/de\/wp-json\/wp\/v2\/pages\/525\/revisions\/993"}],"wp:attachment":[{"href":"https:\/\/carl-composite.eu\/de\/wp-json\/wp\/v2\/media?parent=525"}],"curies":[{"name":"wp","href":"https:\/\/api.w.org\/{rel}","templated":true}]}}