{"id":642,"date":"2025-09-30T16:12:44","date_gmt":"2025-09-30T14:12:44","guid":{"rendered":"https:\/\/carl-composite.eu\/unsere-teams\/"},"modified":"2026-01-27T12:53:47","modified_gmt":"2026-01-27T11:53:47","slug":"unsere-teams","status":"publish","type":"page","link":"https:\/\/carl-composite.eu\/de\/unsere-teams\/","title":{"rendered":"Unsere Teams"},"content":{"rendered":"\t\t<div data-elementor-type=\"wp-page\" data-elementor-id=\"642\" class=\"elementor elementor-642 elementor-644\" data-elementor-post-type=\"page\">\n\t\t\t\t<div class=\"elementor-element elementor-element-556d578 e-flex e-con-boxed e-con e-parent\" data-id=\"556d578\" data-element_type=\"container\" data-e-type=\"container\">\n\t\t\t\t\t<div class=\"e-con-inner\">\n\t\t<div class=\"elementor-element elementor-element-6207990 e-con-full e-flex e-con e-child\" data-id=\"6207990\" data-element_type=\"container\" data-e-type=\"container\">\n\t\t\t\t<div class=\"elementor-element elementor-element-276954e elementor-widget elementor-widget-heading\" data-id=\"276954e\" data-element_type=\"widget\" data-e-type=\"widget\" data-widget_type=\"heading.default\">\n\t\t\t\t<div class=\"elementor-widget-container\">\n\t\t\t\t\t<div class=\"elementor-heading-title elementor-size-default\">TEAMS<\/div>\t\t\t\t<\/div>\n\t\t\t\t<\/div>\n\t\t\t\t<div class=\"elementor-element elementor-element-69e2b4b elementor-widget elementor-widget-heading\" data-id=\"69e2b4b\" data-element_type=\"widget\" data-e-type=\"widget\" data-widget_type=\"heading.default\">\n\t\t\t\t<div class=\"elementor-widget-container\">\n\t\t\t\t\t<h1 class=\"elementor-heading-title elementor-size-default\">CARL TEAMS<\/h1>\t\t\t\t<\/div>\n\t\t\t\t<\/div>\n\t\t\t\t<div class=\"elementor-element elementor-element-e669b9d elementor-widget elementor-widget-text-editor\" data-id=\"e669b9d\" data-element_type=\"widget\" data-e-type=\"widget\" data-widget_type=\"text-editor.default\">\n\t\t\t\t<div class=\"elementor-widget-container\">\n\t\t\t\t\t\t\t\t\t<p>Unsere Teams in Frankreich und Rum\u00e4nien arbeiten synergetisch zusammen, um Ihre Projekte erfolgreich abzuschlie\u00dfen. Reich an kultureller Vielfalt und jahrzehntelanger technischer Expertise, vereinen sie Erfahrung, Leidenschaft und <a href=\"https:\/\/carl-composite.eu\/notre-expertise\/\">Know-how<\/a>, um erstklassige Verbundl\u00f6sungen zu liefern.  <\/p>\t\t\t\t\t\t\t\t<\/div>\n\t\t\t\t<\/div>\n\t\t\t\t<div class=\"elementor-element elementor-element-13c7eb3 elementor-mobile-align-center elementor-align-center elementor-widget elementor-widget-button\" data-id=\"13c7eb3\" data-element_type=\"widget\" data-e-type=\"widget\" data-widget_type=\"button.default\">\n\t\t\t\t<div class=\"elementor-widget-container\">\n\t\t\t\t\t\t\t\t\t<div class=\"elementor-button-wrapper\">\n\t\t\t\t\t<a class=\"elementor-button elementor-button-link elementor-size-sm\" href=\"https:\/\/carl-composite.eu\/de\/kontakt\/\">\n\t\t\t\t\t\t<span class=\"elementor-button-content-wrapper\">\n\t\t\t\t\t\t\t\t\t<span class=\"elementor-button-text\">KONTAKTIEREN SIE UNS<\/span>\n\t\t\t\t\t<\/span>\n\t\t\t\t\t<\/a>\n\t\t\t\t<\/div>\n\t\t\t\t\t\t\t\t<\/div>\n\t\t\t\t<\/div>\n\t\t\t\t<\/div>\n\t\t\t\t\t<\/div>\n\t\t\t\t<\/div>\n\t\t<div class=\"elementor-element elementor-element-bfa41c9 e-flex e-con-boxed e-con e-parent\" data-id=\"bfa41c9\" data-element_type=\"container\" data-e-type=\"container\">\n\t\t\t\t\t<div class=\"e-con-inner\">\n\t\t<div class=\"elementor-element elementor-element-9f346fe e-con-full e-flex e-con e-child\" data-id=\"9f346fe\" data-element_type=\"container\" data-e-type=\"container\">\n\t\t\t\t<div class=\"elementor-element elementor-element-e97c2f9 ekit-image-accordion-hover ekit-image-accordion-mobile-vertical ekit-image-accordion-horizontal elementor-widget elementor-widget-elementskit-image-accordion\" data-id=\"e97c2f9\" data-element_type=\"widget\" data-e-type=\"widget\" data-widget_type=\"elementskit-image-accordion.default\">\n\t\t\t\t<div class=\"elementor-widget-container\">\n\t\t\t\t\t<div class=\"ekit-wid-con\" >\t\t<div class=\"ekit-image-accordion elementskit-image-accordion-wraper\">\n\t\t\t                <input type=\"radio\" name=\"ekit_ia_e97c2f9\" id=\"ekit_ia_e97c2f9_0\" class=\"elementskit-single-image-accordion--input\" hidden>\n                <label for=\"ekit_ia_e97c2f9_0\" class=\"elementskit-single-image-accordion ekit-image-accordion-item\" style=\"background-image: url(https:\/\/carl-composite.eu\/wp-content\/uploads\/2025\/10\/Groupe-CARL-France-2023-scaled-1.jpg)\">\n                    <span class=\"elementskit-accordion-content\">\n\t\t\t\t\t\t\t\t\t\t\t\t\t<span class=\"elementskit-accordion-title-wraper\">\n\t\t\t\t\t\t\t\t<span class=\"elementskit-accordion-title \">\n\t\t\t\t\t\t\t\t\n\t\t\t\t\t\t\t\tTeam Frankreich \n\t\t\t\t\t\t\t\t\t\t\t\t\t\t\t\t<\/span>\n\t\t\t\t\t\t\t<\/span>\n\t\t\t\t\t\t\t                    <\/span>\n                <\/label>\n                            <input type=\"radio\" name=\"ekit_ia_e97c2f9\" id=\"ekit_ia_e97c2f9_1\" class=\"elementskit-single-image-accordion--input\" hidden>\n                <label for=\"ekit_ia_e97c2f9_1\" class=\"elementskit-single-image-accordion ekit-image-accordion-item\" style=\"background-image: url(https:\/\/carl-composite.eu\/wp-content\/uploads\/2025\/10\/Equipes-Ro-scaled-1.jpg)\">\n                    <span class=\"elementskit-accordion-content\">\n\t\t\t\t\t\t\t\t\t\t\t\t\t<span class=\"elementskit-accordion-title-wraper\">\n\t\t\t\t\t\t\t\t<span class=\"elementskit-accordion-title \">\n\t\t\t\t\t\t\t\t\n\t\t\t\t\t\t\t\tTeam Rum\u00e4nien \n\t\t\t\t\t\t\t\t\t\t\t\t\t\t\t\t<\/span>\n\t\t\t\t\t\t\t<\/span>\n\t\t\t\t\t\t\t                    <\/span>\n                <\/label>\n                    <\/div>\n    <\/div>\t\t\t\t<\/div>\n\t\t\t\t<\/div>\n\t\t\t\t<\/div>\n\t\t\t\t\t<\/div>\n\t\t\t\t<\/div>\n\t\t<div class=\"elementor-element elementor-element-29e2b8b e-flex e-con-boxed e-con e-parent\" data-id=\"29e2b8b\" data-element_type=\"container\" data-e-type=\"container\" data-settings=\"{&quot;background_background&quot;:&quot;classic&quot;}\">\n\t\t\t\t\t<div class=\"e-con-inner\">\n\t\t<div class=\"elementor-element elementor-element-5985c25 e-con-full e-flex e-con e-child\" data-id=\"5985c25\" data-element_type=\"container\" data-e-type=\"container\">\n\t\t\t\t<div class=\"elementor-element elementor-element-d9c5f3d elementor-widget elementor-widget-heading\" data-id=\"d9c5f3d\" data-element_type=\"widget\" data-e-type=\"widget\" data-widget_type=\"heading.default\">\n\t\t\t\t<div class=\"elementor-widget-container\">\n\t\t\t\t\t<div class=\"elementor-heading-title elementor-size-default\">FRANKREICH UND RUM\u00c4NIEN<\/div>\t\t\t\t<\/div>\n\t\t\t\t<\/div>\n\t\t\t\t<div class=\"elementor-element elementor-element-a8578e1 elementor-hidden-tablet elementor-hidden-mobile elementor-widget elementor-widget-heading\" data-id=\"a8578e1\" data-element_type=\"widget\" data-e-type=\"widget\" data-widget_type=\"heading.default\">\n\t\t\t\t<div class=\"elementor-widget-container\">\n\t\t\t\t\t<h2 class=\"elementor-heading-title elementor-size-default\">UNSERE TEAMS<\/h2>\t\t\t\t<\/div>\n\t\t\t\t<\/div>\n\t\t\t\t<div class=\"elementor-element elementor-element-ed56ed7 elementor-widget elementor-widget-text-editor\" data-id=\"ed56ed7\" data-element_type=\"widget\" data-e-type=\"widget\" data-widget_type=\"text-editor.default\">\n\t\t\t\t<div class=\"elementor-widget-container\">\n\t\t\t\t\t\t\t\t\t<div class=\"flex-1 overflow-hidden\">\n<div class=\"react-scroll-to-bottom--css-lawju-79elbk h-full dark:bg-gray-800\">\n<div class=\"react-scroll-to-bottom--css-lawju-1n7m0yu\">\n<div class=\"flex flex-col text-sm dark:bg-gray-800\">\n<div class=\"group final-completion w-full text-token-text-primary border-b border-black\/10 gizmo:border-0 dark:border-gray-900\/50 gizmo:dark:border-0 bg-gray-50 gizmo:bg-transparent dark:bg-[#444654] gizmo:dark:bg-transparent\" data-testid=\"conversation-turn-122\">\n<div class=\"p-4 justify-center text-base md:gap-6 md:py-6 m-auto\">\n<div class=\"flex flex-1 gap-4 text-base mx-auto md:gap-6 gizmo:gap-3 gizmo:md:px-5 gizmo:lg:px-1 gizmo:xl:px-5 md:max-w-2xl lg:max-w-[38rem] gizmo:md:max-w-3xl gizmo:lg:max-w-[40rem] gizmo:xl:max-w-[48rem] xl:max-w-3xl }\">\n<div class=\"relative flex w-[calc(100%-50px)] flex-col gizmo:w-full lg:w-[calc(100%-115px)] agent-turn\">\n<div class=\"flex-col gap-1 md:gap-3\">\n<div class=\"flex flex-grow flex-col gap-3 max-w-full\">\n<div class=\"min-h-[20px] flex flex-col items-start gap-3 whitespace-pre-wrap break-words overflow-x-auto\">\n<div class=\"markdown prose w-full break-words dark:prose-invert dark\">\n<p>Unser <strong>200-k\u00f6pfiges Team<\/strong> verk\u00f6rpert die wesentliche technische und operative Expertise, die f\u00fcr das Projektmanagement erforderlich ist.<\/p>\n<p>Die <strong>Verwaltungsabteilung<\/strong> ist die organisatorische S\u00e4ule, die die reibungslosen Abl\u00e4ufe orchestriert.<\/p>\n<p>Die dynamische und proaktive <strong>Verkaufsabteilung<\/strong> baut starke Beziehungen zu unseren Partnern auf.<\/p>\n<p>Das <strong>Konstruktionsb\u00fcro<\/strong> arbeitet mit dem Kunden zusammen, um die ideale L\u00f6sung zu finden, w\u00e4hrend die Werkst\u00e4tten Ihre Projekte zur Reife bringen.<\/p>\n<\/div>\n<\/div>\n<\/div>\n<\/div>\n<\/div>\n<\/div>\n<\/div>\n<\/div>\n<\/div>\n<\/div>\n<\/div>\n<\/div>\n\t\t\t\t\t\t\t\t<\/div>\n\t\t\t\t<\/div>\n\t\t\t\t<\/div>\n\t\t\t\t\t<\/div>\n\t\t\t\t<\/div>\n\t\t<div class=\"elementor-element elementor-element-4b50273 elementor-hidden-desktop elementor-hidden-tablet elementor-hidden-mobile e-flex e-con-boxed e-con e-parent\" data-id=\"4b50273\" data-element_type=\"container\" data-e-type=\"container\" data-settings=\"{&quot;background_background&quot;:&quot;classic&quot;}\">\n\t\t\t\t\t<div class=\"e-con-inner\">\n\t\t<div class=\"elementor-element elementor-element-e14f655 e-con-full e-flex e-con e-child\" data-id=\"e14f655\" data-element_type=\"container\" data-e-type=\"container\">\n\t\t\t\t<div class=\"elementor-element elementor-element-f6291ee elementor-widget elementor-widget-heading\" data-id=\"f6291ee\" data-element_type=\"widget\" data-e-type=\"widget\" data-widget_type=\"heading.default\">\n\t\t\t\t<div class=\"elementor-widget-container\">\n\t\t\t\t\t<div class=\"elementor-heading-title elementor-size-default\">PROJEKTBESCHREIBUNG<\/div>\t\t\t\t<\/div>\n\t\t\t\t<\/div>\n\t\t\t\t<div class=\"elementor-element elementor-element-07e6035 elementor-hidden-tablet elementor-hidden-mobile elementor-widget elementor-widget-heading\" data-id=\"07e6035\" data-element_type=\"widget\" data-e-type=\"widget\" data-widget_type=\"heading.default\">\n\t\t\t\t<div class=\"elementor-widget-container\">\n\t\t\t\t\t<h2 class=\"elementor-heading-title elementor-size-default\">Projektbeschreibung<\/h2>\t\t\t\t<\/div>\n\t\t\t\t<\/div>\n\t\t\t\t<div class=\"elementor-element elementor-element-d545d26 elementor-widget elementor-widget-text-editor\" data-id=\"d545d26\" data-element_type=\"widget\" data-e-type=\"widget\" data-widget_type=\"text-editor.default\">\n\t\t\t\t<div class=\"elementor-widget-container\">\n\t\t\t\t\t\t\t\t\t<p>Name des Beg\u00fcnstigten: SC DCA DIMENSIONAL CONTROL SRL<\/p><p>Projekttitel: \u201eERWEITERUNG UND ENTWICKLUNG DCA DIMENSIONAL CONTROL SRL\u201c<\/p><p>Das allgemeine Ziel des Projekts ist die wirtschaftliche Entwicklung und Steigerung der Wettbewerbsf\u00e4higkeit durch Investitionen und Expansion auf dem Markt f\u00fcr JIG-Teilefertigung.<\/p><p>Spezifische Ziele:<\/p><p>Spezifisches Ziel Nr. 1 \u2013 Kauf moderner Ausr\u00fcstung<br>Spezifisches Ziel Nr. 2 \u2013 Umsetzung von Ma\u00dfnahmen zur Verbesserung der Umwelt und zur Gew\u00e4hrleistung der Chancengleichheit<br>Spezifisches Ziel Nr. 3 \u2013 Teilnahme an Fachmessen und Erlangung von Produkt- und Prozesszertifizierungen<\/p><p>Erwartete Ergebnisse:<\/p><p>Erwartetes Ergebnis Nr. 1 \u2013 Kauf von Ausr\u00fcstung\/Vorrichtungen \u2013 13<br>Erwartetes Ergebnis Nr. 2 \u2013 Kauf von immateriellen Verm\u00f6genswerten \u2013 7<br>Erwartetes Ergebnis Nr. 3 \u2013 Teilnahme an nationalen\/internationalen Messen \u2013 1<br>Erwartetes Ergebnis Nr. 4 \u2013 Prozess- und Produktzertifizierung\/-rezertifizierung \u2013 2<br>Erwartetes Ergebnis Nr. 5 \u2013 ISO 14001-Managementsystemzertifizierung \u2013 1<\/p><p>Gesamtbudget: 7.121.077,70 EUR<\/p><p>EU-Budget: 2.454.504,30 EUR<\/p><p>Startdatum: M\u00e4rz 2025<\/p><p>Enddatum: M\u00e4rz 2027<\/p><p>SMIS-Code: 329063<\/p><p>F\u00fcr detaillierte Informationen zum Regionalprogramm S\u00fcd-Muntenien 2021-2027 besuchen Sie bitte <a href=\"http:\/\/2021-2027.adrmuntenia.ro\" target=\"_blank\" rel=\"noopener\">2021-2027.adrmuntenia.ro<\/a>, und f\u00fcr andere von der Europ\u00e4ischen Union mitfinanzierte Programme besuchen Sie bitte mfe.gov.ro.<\/p>\t\t\t\t\t\t\t\t<\/div>\n\t\t\t\t<\/div>\n\t\t\t\t<\/div>\n\t\t\t\t\t<\/div>\n\t\t\t\t<\/div>\n\t\t<div class=\"elementor-element elementor-element-46255df e-flex e-con-boxed e-con e-parent\" data-id=\"46255df\" data-element_type=\"container\" data-e-type=\"container\">\n\t\t\t\t\t<div class=\"e-con-inner\">\n\t\t\t\t<div class=\"elementor-element elementor-element-8de705f elementor-widget elementor-widget-global elementor-global-258 elementor-widget-jkit_accordion\" data-id=\"8de705f\" data-element_type=\"widget\" data-e-type=\"widget\" data-widget_type=\"jkit_accordion.default\">\n\t\t\t\t<div class=\"elementor-widget-container\">\n\t\t\t\t\t<div  class=\"jeg-elementor-kit jkit-accordion style-default jeg_module___69eb986584b88\" ><div class=\"card-wrapper \">\n                <div class=\"card-header\">\n                    <a href=\"#expand-1cdcdc3\" class=\"card-header-button\" aria-expanded=\"false\" data-target=\"#expand-1cdcdc3\" aria-controls=\"expand-1cdcdc3\">\n                        <span class=\"title\">Recherches fr\u00e9quentes<\/span><div class=\"right-icon-group\">\n                <div class=\"normal-icon\"><svg aria-hidden=\"true\" class=\"e-font-icon-svg e-fas-chevron-down\" viewBox=\"0 0 448 512\" xmlns=\"http:\/\/www.w3.org\/2000\/svg\"><path d=\"M207.029 381.476L12.686 187.132c-9.373-9.373-9.373-24.569 0-33.941l22.667-22.667c9.357-9.357 24.522-9.375 33.901-.04L224 284.505l154.745-154.021c9.379-9.335 24.544-9.317 33.901.04l22.667 22.667c9.373 9.373 9.373 24.569 0 33.941L240.971 381.476c-9.373 9.372-24.569 9.372-33.942 0z\"><\/path><\/svg><\/div>\n                <div class=\"active-icon\"><svg aria-hidden=\"true\" class=\"e-font-icon-svg e-fas-chevron-up\" viewBox=\"0 0 448 512\" xmlns=\"http:\/\/www.w3.org\/2000\/svg\"><path d=\"M240.971 130.524l194.343 194.343c9.373 9.373 9.373 24.569 0 33.941l-22.667 22.667c-9.357 9.357-24.522 9.375-33.901.04L224 227.495 69.255 381.516c-9.379 9.335-24.544 9.317-33.901-.04l-22.667-22.667c-9.373-9.373-9.373-24.569 0-33.941L207.03 130.525c9.372-9.373 24.568-9.373 33.941-.001z\"><\/path><\/svg><\/div>\n            <\/div>\n                    <\/a>\n                <\/div>\n                <div class=\"card-expand\" id=\"expand-1cdcdc3\" style=\"display:none\"><div class=\"card-body\"><\/div><\/div>\n            <\/div><\/div>\t\t\t\t<\/div>\n\t\t\t\t<\/div>\n\t\t\t\t\t<\/div>\n\t\t\t\t<\/div>\n\t\t\t\t<\/div>\n\t\t","protected":false},"excerpt":{"rendered":"<p>TEAMS CARL TEAMS Unsere Teams in Frankreich und Rum\u00e4nien arbeiten synergetisch zusammen, um Ihre Projekte erfolgreich abzuschlie\u00dfen. Reich an kultureller Vielfalt und jahrzehntelanger technischer Expertise, vereinen sie Erfahrung, Leidenschaft und Know-how, um erstklassige Verbundl\u00f6sungen zu liefern. KONTAKTIEREN SIE UNS Team Frankreich Team Rum\u00e4nien FRANKREICH UND RUM\u00c4NIEN UNSERE TEAMS Unser 200-k\u00f6pfiges Team verk\u00f6rpert die wesentliche technische [&hellip;]<\/p>\n","protected":false},"author":1,"featured_media":545,"parent":0,"menu_order":0,"comment_status":"closed","ping_status":"closed","template":"elementor_header_footer","meta":{"_acf_changed":false,"rank_math_robots":"","footnotes":""},"class_list":["post-642","page","type-page","status-publish","has-post-thumbnail","hentry"],"acf":[],"_links":{"self":[{"href":"https:\/\/carl-composite.eu\/de\/wp-json\/wp\/v2\/pages\/642","targetHints":{"allow":["GET"]}}],"collection":[{"href":"https:\/\/carl-composite.eu\/de\/wp-json\/wp\/v2\/pages"}],"about":[{"href":"https:\/\/carl-composite.eu\/de\/wp-json\/wp\/v2\/types\/page"}],"author":[{"embeddable":true,"href":"https:\/\/carl-composite.eu\/de\/wp-json\/wp\/v2\/users\/1"}],"replies":[{"embeddable":true,"href":"https:\/\/carl-composite.eu\/de\/wp-json\/wp\/v2\/comments?post=642"}],"version-history":[{"count":3,"href":"https:\/\/carl-composite.eu\/de\/wp-json\/wp\/v2\/pages\/642\/revisions"}],"predecessor-version":[{"id":1031,"href":"https:\/\/carl-composite.eu\/de\/wp-json\/wp\/v2\/pages\/642\/revisions\/1031"}],"wp:featuredmedia":[{"embeddable":true,"href":"https:\/\/carl-composite.eu\/de\/wp-json\/wp\/v2\/media\/545"}],"wp:attachment":[{"href":"https:\/\/carl-composite.eu\/de\/wp-json\/wp\/v2\/media?parent=642"}],"curies":[{"name":"wp","href":"https:\/\/api.w.org\/{rel}","templated":true}]}}