{"id":667,"date":"2023-11-19T18:00:09","date_gmt":"2023-11-19T17:00:09","guid":{"rendered":"https:\/\/carl-composite.eu\/impressum\/"},"modified":"2025-10-08T10:54:27","modified_gmt":"2025-10-08T08:54:27","slug":"impressum","status":"publish","type":"page","link":"https:\/\/carl-composite.eu\/de\/impressum\/","title":{"rendered":"Impressum"},"content":{"rendered":"\t\t<div data-elementor-type=\"wp-page\" data-elementor-id=\"667\" class=\"elementor elementor-667 elementor-5\" data-elementor-post-type=\"page\">\n\t\t\t\t<div class=\"elementor-element elementor-element-6b4ebd6 e-flex e-con-boxed e-con e-parent\" data-id=\"6b4ebd6\" data-element_type=\"container\" data-e-type=\"container\">\n\t\t\t\t\t<div class=\"e-con-inner\">\n\t\t\t\t<div class=\"elementor-element elementor-element-92943c4 elementor-widget elementor-widget-text-editor\" data-id=\"92943c4\" data-element_type=\"widget\" data-e-type=\"widget\" data-widget_type=\"text-editor.default\">\n\t\t\t\t<div class=\"elementor-widget-container\">\n\t\t\t\t\t\t\t\t\t<h2>Herausgeber der Website<\/h2><p>Gem\u00e4\u00df den Bestimmungen des Gesetzes Nr. 2004-575 vom 21. Juni 2004 \u00fcber das Vertrauen in die digitale Wirtschaft wird den Nutzern der Website Carl Composite die Identit\u00e4t der verschiedenen Beteiligten im Rahmen ihrer Erstellung und Betreuung mitgeteilt.<\/p><h2>Herausgeber der Website<\/h2><p>Diese Website, erreichbar unter der URL <a href=\"https:\/\/carl-composite.eu\/\">https:\/\/carl-composite.eu\/<\/a> (die \u201eWebsite\u201c), wird herausgegeben von:<\/p><p><a href=\"http:\/\/gogency.fr\" target=\"_blank\" rel=\"noopener\">Gogency<\/a>, Gesellschaft mit einem Kapital von 4510 Euro, eingetragen im Handelsregister (R.C.S.) von NANTES unter der Nummer B 847 739 737, mit Sitz in 1 Chem. de la Chatterie 44800 SAINT-HERBLAIN, vertreten durch den\/die ordnungsgem\u00e4\u00df bevollm\u00e4chtigte(n) Paul Gourdonneau <\/p><p>Die individuelle Umsatzsteuer-Identifikationsnummer des Herausgebers lautet: FR85847739737.<\/p><h2>Hosting<\/h2><p>Die Website wird von der Firma Infomaniak Network SA gehostet, mit Sitz in Rue Eug\u00e8ne Marziano 25 1227 Les Acacias (GE), (telefonischer oder E-Mail-Kontakt: <a href=\"https:\/\/www.infomaniak.com\/fr\/aide\" target=\"_blank\" rel=\"noopener\">https:\/\/www.infomaniak.com\/fr\/aide<\/a>).<\/p><h2>Verantwortlicher f\u00fcr den Inhalt<\/h2><p>Der Herausgeber der Website ist Christophe LOTTIN.<\/p><h2>Kontakt<\/h2><p>Telefon: <a href=\"tel:02.33.29.10.17\">\n  <span class=\"elementor-icon-list-text\">02.33.29.10.17<\/span>\n<\/a><\/p><p>E-Mail: <a href=\"mailto:contact@carl-composite.eu\">contact@carl-composite.eu<\/a><\/p><p>Adresse: 26 \u2013 28 Rue Charles Gide, 61000 Alen\u00e7on<\/p><h2>Pers\u00f6nliche Daten<\/h2><p>Die Verarbeitung Ihrer personenbezogenen Daten unterliegt unserer Datenschutzrichtlinie, die im Abschnitt \u201eDatenschutzrichtlinie\u201c verf\u00fcgbar ist, gem\u00e4\u00df der Datenschutz-Grundverordnung 2016\/679 vom 27. April 2016 (\u201eDSGVO\u201c).<\/p><h2>SIRET-Nummer der Einrichtung:<\/h2><p>43248953200023<\/p>\t\t\t\t\t\t\t\t<\/div>\n\t\t\t\t<\/div>\n\t\t\t\t\t<\/div>\n\t\t\t\t<\/div>\n\t\t\t\t<\/div>\n\t\t","protected":false},"excerpt":{"rendered":"<p>Herausgeber der Website Gem\u00e4\u00df den Bestimmungen des Gesetzes Nr. 2004-575 vom 21. Juni 2004 \u00fcber das Vertrauen in die digitale Wirtschaft wird den Nutzern der Website Carl Composite die Identit\u00e4t der verschiedenen Beteiligten im Rahmen ihrer Erstellung und Betreuung mitgeteilt. Herausgeber der Website Diese Website, erreichbar unter der URL https:\/\/carl-composite.eu\/ (die \u201eWebsite\u201c), wird herausgegeben von: [&hellip;]<\/p>\n","protected":false},"author":1,"featured_media":0,"parent":0,"menu_order":0,"comment_status":"closed","ping_status":"closed","template":"elementor_header_footer","meta":{"_acf_changed":false,"rank_math_robots":null,"footnotes":""},"class_list":["post-667","page","type-page","status-publish","hentry"],"acf":[],"_links":{"self":[{"href":"https:\/\/carl-composite.eu\/de\/wp-json\/wp\/v2\/pages\/667","targetHints":{"allow":["GET"]}}],"collection":[{"href":"https:\/\/carl-composite.eu\/de\/wp-json\/wp\/v2\/pages"}],"about":[{"href":"https:\/\/carl-composite.eu\/de\/wp-json\/wp\/v2\/types\/page"}],"author":[{"embeddable":true,"href":"https:\/\/carl-composite.eu\/de\/wp-json\/wp\/v2\/users\/1"}],"replies":[{"embeddable":true,"href":"https:\/\/carl-composite.eu\/de\/wp-json\/wp\/v2\/comments?post=667"}],"version-history":[{"count":2,"href":"https:\/\/carl-composite.eu\/de\/wp-json\/wp\/v2\/pages\/667\/revisions"}],"predecessor-version":[{"id":961,"href":"https:\/\/carl-composite.eu\/de\/wp-json\/wp\/v2\/pages\/667\/revisions\/961"}],"wp:attachment":[{"href":"https:\/\/carl-composite.eu\/de\/wp-json\/wp\/v2\/media?parent=667"}],"curies":[{"name":"wp","href":"https:\/\/api.w.org\/{rel}","templated":true}]}}