{"id":790,"date":"2023-11-19T17:56:45","date_gmt":"2023-11-19T16:56:45","guid":{"rendered":"https:\/\/carl-composite.eu\/datenschutzerklaerung\/"},"modified":"2025-10-14T10:05:40","modified_gmt":"2025-10-14T08:05:40","slug":"datenschutzerklaerung","status":"publish","type":"page","link":"https:\/\/carl-composite.eu\/de\/datenschutzerklaerung\/","title":{"rendered":"Datenschutzerkl\u00e4rung"},"content":{"rendered":"\t\t<div data-elementor-type=\"wp-page\" data-elementor-id=\"790\" class=\"elementor elementor-790 elementor-3\" data-elementor-post-type=\"page\">\n\t\t\t\t<div class=\"elementor-element elementor-element-48ffe25 e-flex e-con-boxed e-con e-parent\" data-id=\"48ffe25\" data-element_type=\"container\" data-e-type=\"container\">\n\t\t\t\t\t<div class=\"e-con-inner\">\n\t\t\t\t<div class=\"elementor-element elementor-element-1987eabc elementor-widget elementor-widget-text-editor\" data-id=\"1987eabc\" data-element_type=\"widget\" data-e-type=\"widget\" data-widget_type=\"text-editor.default\">\n\t\t\t\t<div class=\"elementor-widget-container\">\n\t\t\t\t\t\t\t\t\t<h2>Wer sind wir?<\/h2><p>Die Adresse unserer Website lautet: <a href=\"https:\/\/carl-composite.eu\/\">https:\/\/carl-composite.eu\/<\/a><\/p><h2>Kommentare<\/h2><p>Wenn Besucher Kommentare auf der Website hinterlassen, erfassen wir die im Kommentarformular angezeigten Daten sowie die IP-Adresse des Besuchers und den User-Agent-String des Browsers zur Unterst\u00fctzung der Spam-Erkennung.<\/p><h2>Medien<\/h2><p>Wenn Sie Bilder auf die Website hochladen, sollten Sie vermeiden, Bilder mit eingebetteten Standortdaten (GPS EXIF) hochzuladen. Besucher der Website k\u00f6nnen alle Standortdaten aus den Bildern der Website herunterladen und extrahieren. <\/p><h2>Cookies<\/h2><p>Diese dienen Ihrer Bequemlichkeit, damit Sie Ihre Daten nicht erneut eingeben m\u00fcssen, wenn Sie einen weiteren Kommentar hinterlassen. Cookies haben eine Lebensdauer von einem Jahr. <\/p><p>Wenn Sie unsere Anmeldeseite besuchen, setzen wir ein tempor\u00e4res Cookie, um festzustellen, ob Ihr Browser Cookies akzeptiert. Dieses Cookie enth\u00e4lt keine pers\u00f6nlichen Daten und wird gel\u00f6scht, wenn Sie Ihren Browser schlie\u00dfen. <\/p><p>Wenn Sie einen Artikel bearbeiten oder ver\u00f6ffentlichen, wird ein zus\u00e4tzliches Cookie in Ihrem Browser gespeichert. Dieses Cookie enth\u00e4lt keine pers\u00f6nlichen Daten und zeigt lediglich die Beitrags-ID des Artikels an, den Sie gerade bearbeitet haben. Es l\u00e4uft nach 1 Tag ab. <\/p><h2>Eingebettete Inhalte von anderen Websites<\/h2><p>Artikel auf dieser Website k\u00f6nnen eingebettete Inhalte (z. B. Videos, Bilder, Artikel usw.) enthalten. Eingebettete Inhalte von anderen Websites verhalten sich genau so, als ob der Besucher die andere Website besucht h\u00e4tte. <\/p><p>Diese Websites k\u00f6nnen Daten \u00fcber Sie sammeln, Cookies verwenden, zus\u00e4tzliche Nachverfolgung durch Dritte einbetten und Ihre Interaktion mit diesen eingebetteten Inhalten \u00fcberwachen, einschlie\u00dflich der Nachverfolgung Ihrer Interaktion mit den eingebetteten Inhalten, wenn Sie ein Konto haben und auf dieser Website angemeldet sind.<\/p><h2>Wie lange speichern wir Ihre Daten?<\/h2><p>Wenn Sie einen Kommentar hinterlassen, werden der Kommentar und seine Metadaten unbegrenzt gespeichert. Dies geschieht, damit wir Folgekommentare automatisch erkennen und genehmigen k\u00f6nnen, anstatt sie in einer Moderationswarteschlange zur\u00fcckzuhalten. <\/p><p>F\u00fcr Benutzer, die sich auf unserer Website registrieren (falls zutreffend), speichern wir auch die pers\u00f6nlichen Informationen, die sie in ihrem Benutzerprofil angeben. Alle Benutzer k\u00f6nnen ihre pers\u00f6nlichen Informationen jederzeit einsehen, bearbeiten oder l\u00f6schen (au\u00dfer sie k\u00f6nnen ihren Benutzernamen nicht \u00e4ndern). Website-Administratoren k\u00f6nnen diese Informationen ebenfalls einsehen und bearbeiten.  <\/p><h2>Welche Rechte haben Sie an Ihren Daten?<\/h2><p>Wenn Sie ein Konto auf dieser Website haben oder Kommentare hinterlassen haben, k\u00f6nnen Sie eine exportierte Datei der personenbezogenen Daten anfordern, die wir \u00fcber Sie speichern, einschlie\u00dflich der Daten, die Sie uns zur Verf\u00fcgung gestellt haben. Sie k\u00f6nnen auch verlangen, dass wir alle personenbezogenen Daten, die wir \u00fcber Sie speichern, l\u00f6schen. Dies umfasst keine Daten, zu deren Aufbewahrung wir aus administrativen, rechtlichen oder Sicherheitsgr\u00fcnden verpflichtet sind.  <\/p><h2>Wohin werden Ihre Daten gesendet?<\/h2><p>Besucherkommentare k\u00f6nnen durch einen automatisierten Spam-Erkennungsdienst \u00fcberpr\u00fcft werden.<\/p>\t\t\t\t\t\t\t\t<\/div>\n\t\t\t\t<\/div>\n\t\t\t\t\t<\/div>\n\t\t\t\t<\/div>\n\t\t\t\t<\/div>\n\t\t","protected":false},"excerpt":{"rendered":"<p>Wer sind wir? Die Adresse unserer Website lautet: https:\/\/carl-composite.eu\/ Kommentare Wenn Besucher Kommentare auf der Website hinterlassen, erfassen wir die im Kommentarformular angezeigten Daten sowie die IP-Adresse des Besuchers und den User-Agent-String des Browsers zur Unterst\u00fctzung der Spam-Erkennung. Medien Wenn Sie Bilder auf die Website hochladen, sollten Sie vermeiden, Bilder mit eingebetteten Standortdaten (GPS EXIF) [&hellip;]<\/p>\n","protected":false},"author":1,"featured_media":0,"parent":0,"menu_order":0,"comment_status":"closed","ping_status":"closed","template":"elementor_header_footer","meta":{"_acf_changed":false,"rank_math_robots":null,"footnotes":""},"class_list":["post-790","page","type-page","status-publish","hentry"],"acf":[],"_links":{"self":[{"href":"https:\/\/carl-composite.eu\/de\/wp-json\/wp\/v2\/pages\/790","targetHints":{"allow":["GET"]}}],"collection":[{"href":"https:\/\/carl-composite.eu\/de\/wp-json\/wp\/v2\/pages"}],"about":[{"href":"https:\/\/carl-composite.eu\/de\/wp-json\/wp\/v2\/types\/page"}],"author":[{"embeddable":true,"href":"https:\/\/carl-composite.eu\/de\/wp-json\/wp\/v2\/users\/1"}],"replies":[{"embeddable":true,"href":"https:\/\/carl-composite.eu\/de\/wp-json\/wp\/v2\/comments?post=790"}],"version-history":[{"count":2,"href":"https:\/\/carl-composite.eu\/de\/wp-json\/wp\/v2\/pages\/790\/revisions"}],"predecessor-version":[{"id":1012,"href":"https:\/\/carl-composite.eu\/de\/wp-json\/wp\/v2\/pages\/790\/revisions\/1012"}],"wp:attachment":[{"href":"https:\/\/carl-composite.eu\/de\/wp-json\/wp\/v2\/media?parent=790"}],"curies":[{"name":"wp","href":"https:\/\/api.w.org\/{rel}","templated":true}]}}