{"id":128,"date":"2025-04-01T14:38:05","date_gmt":"2025-04-01T12:38:05","guid":{"rendered":"https:\/\/fluide-air.website\/?page_id=128"},"modified":"2025-10-07T16:42:38","modified_gmt":"2025-10-07T14:42:38","slug":"plan-de-site","status":"publish","type":"page","link":"https:\/\/carl-composite.eu\/fr\/plan-de-site\/","title":{"rendered":"Plan de site"},"content":{"rendered":"\t\t<div data-elementor-type=\"wp-page\" data-elementor-id=\"128\" class=\"elementor elementor-128\" data-elementor-post-type=\"page\">\n\t\t\t\t<div class=\"elementor-element elementor-element-8437b8d e-flex e-con-boxed e-con e-parent\" data-id=\"8437b8d\" data-element_type=\"container\" data-e-type=\"container\">\n\t\t\t\t\t<div class=\"e-con-inner\">\n\t\t\t\t<div class=\"elementor-element elementor-element-21f4793 elementor-widget elementor-widget-sitemap\" data-id=\"21f4793\" data-element_type=\"widget\" data-e-type=\"widget\" data-widget_type=\"sitemap.default\">\n\t\t\t\t<div class=\"elementor-widget-container\">\n\t\t\t\t\t<div class=\"elementor-sitemap-wrap\"><div class=\"elementor-sitemap-section\"><h2 class=\"elementor-sitemap-title elementor-sitemap-page-title\">Pages<\/h2><ul class=\"elementor-sitemap-list elementor-sitemap-page-list\"><li class=\"elementor-sitemap-item elementor-sitemap-item-page page_item page-item-936\"><a href=\"https:\/\/carl-composite.eu\/fr\/carbone-haute-performance-a-rennes\/\">Carbone haute performance \u00e0 Rennes<\/a><\/li><li class=\"elementor-sitemap-item elementor-sitemap-item-page page_item page-item-935\"><a href=\"https:\/\/carl-composite.eu\/fr\/carbone-haute-performance-a-strasbourg\/\">Carbone haute performance \u00e0 Strasbourg<\/a><\/li><li class=\"elementor-sitemap-item elementor-sitemap-item-page page_item page-item-934\"><a href=\"https:\/\/carl-composite.eu\/fr\/carbone-haute-performance-a-nantes\/\">Carbone haute performance \u00e0 Nantes<\/a><\/li><li class=\"elementor-sitemap-item elementor-sitemap-item-page page_item page-item-933\"><a href=\"https:\/\/carl-composite.eu\/fr\/carbone-haute-performance-a-nice\/\">Carbone haute performance \u00e0 Nice<\/a><\/li><li class=\"elementor-sitemap-item elementor-sitemap-item-page page_item page-item-932\"><a href=\"https:\/\/carl-composite.eu\/fr\/carbone-haute-performance-a-bordeaux\/\">Carbone haute performance \u00e0 Bordeaux<\/a><\/li><li class=\"elementor-sitemap-item elementor-sitemap-item-page page_item page-item-931\"><a href=\"https:\/\/carl-composite.eu\/fr\/carbone-haute-performance-a-lille\/\">Carbone haute performance \u00e0 Lille<\/a><\/li><li class=\"elementor-sitemap-item elementor-sitemap-item-page page_item page-item-930\"><a href=\"https:\/\/carl-composite.eu\/fr\/carbone-haute-performance-a-toulouse\/\">Carbone haute performance \u00e0 Toulouse<\/a><\/li><li class=\"elementor-sitemap-item elementor-sitemap-item-page page_item page-item-929\"><a href=\"https:\/\/carl-composite.eu\/fr\/carbone-haute-performance-a-marseille\/\">Carbone haute performance \u00e0 Marseille<\/a><\/li><li class=\"elementor-sitemap-item elementor-sitemap-item-page page_item page-item-928\"><a href=\"https:\/\/carl-composite.eu\/fr\/carbone-haute-performance-a-lyon\/\">Carbone haute performance \u00e0 Lyon<\/a><\/li><li class=\"elementor-sitemap-item elementor-sitemap-item-page page_item page-item-927\"><a href=\"https:\/\/carl-composite.eu\/fr\/carbone-haute-performance-a-paris\/\">Carbone haute performance \u00e0 Paris<\/a><\/li><li class=\"elementor-sitemap-item elementor-sitemap-item-page page_item page-item-926\"><a href=\"https:\/\/carl-composite.eu\/fr\/technologie-carbone-a-rennes\/\">Technologie carbone \u00e0 Rennes<\/a><\/li><li class=\"elementor-sitemap-item elementor-sitemap-item-page page_item page-item-925\"><a href=\"https:\/\/carl-composite.eu\/fr\/technologie-carbone-a-strasbourg\/\">Technologie carbone \u00e0 Strasbourg<\/a><\/li><li class=\"elementor-sitemap-item elementor-sitemap-item-page page_item page-item-924\"><a href=\"https:\/\/carl-composite.eu\/fr\/technologie-carbone-a-nantes\/\">Technologie carbone \u00e0 Nantes<\/a><\/li><li class=\"elementor-sitemap-item elementor-sitemap-item-page page_item page-item-923\"><a href=\"https:\/\/carl-composite.eu\/fr\/technologie-carbone-a-nice\/\">Technologie carbone \u00e0 Nice<\/a><\/li><li class=\"elementor-sitemap-item elementor-sitemap-item-page page_item page-item-922\"><a href=\"https:\/\/carl-composite.eu\/fr\/technologie-carbone-a-bordeaux\/\">Technologie carbone \u00e0 Bordeaux<\/a><\/li><li class=\"elementor-sitemap-item elementor-sitemap-item-page page_item page-item-921\"><a href=\"https:\/\/carl-composite.eu\/fr\/technologie-carbone-a-lille\/\">Technologie carbone \u00e0 Lille<\/a><\/li><li class=\"elementor-sitemap-item elementor-sitemap-item-page page_item page-item-920\"><a href=\"https:\/\/carl-composite.eu\/fr\/technologie-carbone-a-toulouse\/\">Technologie carbone \u00e0 Toulouse<\/a><\/li><li class=\"elementor-sitemap-item elementor-sitemap-item-page page_item page-item-919\"><a href=\"https:\/\/carl-composite.eu\/fr\/technologie-carbone-a-marseille\/\">Technologie carbone \u00e0 Marseille<\/a><\/li><li class=\"elementor-sitemap-item elementor-sitemap-item-page page_item page-item-918\"><a href=\"https:\/\/carl-composite.eu\/fr\/technologie-carbone-a-lyon\/\">Technologie carbone \u00e0 Lyon<\/a><\/li><li class=\"elementor-sitemap-item elementor-sitemap-item-page page_item page-item-917\"><a href=\"https:\/\/carl-composite.eu\/fr\/technologie-carbone-a-paris\/\">Technologie carbone \u00e0 Paris<\/a><\/li><li class=\"elementor-sitemap-item elementor-sitemap-item-page page_item page-item-916\"><a href=\"https:\/\/carl-composite.eu\/fr\/fournisseur-carbone-a-rennes\/\">Fournisseur carbone \u00e0 Rennes<\/a><\/li><li class=\"elementor-sitemap-item elementor-sitemap-item-page page_item page-item-915\"><a href=\"https:\/\/carl-composite.eu\/fr\/fournisseur-carbone-a-strasbourg\/\">Fournisseur carbone \u00e0 Strasbourg<\/a><\/li><li class=\"elementor-sitemap-item elementor-sitemap-item-page page_item page-item-914\"><a href=\"https:\/\/carl-composite.eu\/fr\/fournisseur-carbone-a-nantes\/\">Fournisseur carbone \u00e0 Nantes<\/a><\/li><li class=\"elementor-sitemap-item elementor-sitemap-item-page page_item page-item-913\"><a href=\"https:\/\/carl-composite.eu\/fr\/fournisseur-carbone-a-nice\/\">Fournisseur carbone \u00e0 Nice<\/a><\/li><li class=\"elementor-sitemap-item elementor-sitemap-item-page page_item page-item-912\"><a href=\"https:\/\/carl-composite.eu\/fr\/fournisseur-carbone-a-bordeaux\/\">Fournisseur carbone \u00e0 Bordeaux<\/a><\/li><li class=\"elementor-sitemap-item elementor-sitemap-item-page page_item page-item-911\"><a href=\"https:\/\/carl-composite.eu\/fr\/fournisseur-carbone-a-lille\/\">Fournisseur carbone \u00e0 Lille<\/a><\/li><li class=\"elementor-sitemap-item elementor-sitemap-item-page page_item page-item-910\"><a href=\"https:\/\/carl-composite.eu\/fr\/fournisseur-carbone-a-toulouse\/\">Fournisseur carbone \u00e0 Toulouse<\/a><\/li><li class=\"elementor-sitemap-item elementor-sitemap-item-page page_item page-item-909\"><a href=\"https:\/\/carl-composite.eu\/fr\/fournisseur-carbone-a-marseille\/\">Fournisseur carbone \u00e0 Marseille<\/a><\/li><li class=\"elementor-sitemap-item elementor-sitemap-item-page page_item page-item-908\"><a href=\"https:\/\/carl-composite.eu\/fr\/fournisseur-carbone-a-lyon\/\">Fournisseur carbone \u00e0 Lyon<\/a><\/li><li class=\"elementor-sitemap-item elementor-sitemap-item-page page_item page-item-907\"><a href=\"https:\/\/carl-composite.eu\/fr\/fournisseur-carbone-a-paris\/\">Fournisseur carbone \u00e0 Paris<\/a><\/li><li class=\"elementor-sitemap-item elementor-sitemap-item-page page_item page-item-906\"><a href=\"https:\/\/carl-composite.eu\/fr\/pieces-carbone-automobile-a-rennes\/\">Pi\u00e8ces carbone automobile \u00e0 Rennes<\/a><\/li><li class=\"elementor-sitemap-item elementor-sitemap-item-page page_item page-item-905\"><a href=\"https:\/\/carl-composite.eu\/fr\/pieces-carbone-automobile-a-strasbourg\/\">Pi\u00e8ces carbone automobile \u00e0 Strasbourg<\/a><\/li><li class=\"elementor-sitemap-item elementor-sitemap-item-page page_item page-item-904\"><a href=\"https:\/\/carl-composite.eu\/fr\/pieces-carbone-automobile-a-nantes\/\">Pi\u00e8ces carbone automobile \u00e0 Nantes<\/a><\/li><li class=\"elementor-sitemap-item elementor-sitemap-item-page page_item page-item-903\"><a href=\"https:\/\/carl-composite.eu\/fr\/pieces-carbone-automobile-a-nice\/\">Pi\u00e8ces carbone automobile \u00e0 Nice<\/a><\/li><li class=\"elementor-sitemap-item elementor-sitemap-item-page page_item page-item-902\"><a href=\"https:\/\/carl-composite.eu\/fr\/pieces-carbone-automobile-a-bordeaux\/\">Pi\u00e8ces carbone automobile \u00e0 Bordeaux<\/a><\/li><li class=\"elementor-sitemap-item elementor-sitemap-item-page page_item page-item-901\"><a href=\"https:\/\/carl-composite.eu\/fr\/pieces-carbone-automobile-a-lille\/\">Pi\u00e8ces carbone automobile \u00e0 Lille<\/a><\/li><li class=\"elementor-sitemap-item elementor-sitemap-item-page page_item page-item-900\"><a href=\"https:\/\/carl-composite.eu\/fr\/pieces-carbone-automobile-a-toulouse\/\">Pi\u00e8ces carbone automobile \u00e0 Toulouse<\/a><\/li><li class=\"elementor-sitemap-item elementor-sitemap-item-page page_item page-item-899\"><a href=\"https:\/\/carl-composite.eu\/fr\/pieces-carbone-automobile-a-marseille\/\">Pi\u00e8ces carbone automobile \u00e0 Marseille<\/a><\/li><li class=\"elementor-sitemap-item elementor-sitemap-item-page page_item page-item-898\"><a href=\"https:\/\/carl-composite.eu\/fr\/pieces-carbone-automobile-a-lyon\/\">Pi\u00e8ces carbone automobile \u00e0 Lyon<\/a><\/li><li class=\"elementor-sitemap-item elementor-sitemap-item-page page_item page-item-897\"><a href=\"https:\/\/carl-composite.eu\/fr\/pieces-carbone-automobile-a-paris\/\">Pi\u00e8ces carbone automobile \u00e0 Paris<\/a><\/li><li class=\"elementor-sitemap-item elementor-sitemap-item-page page_item page-item-896\"><a href=\"https:\/\/carl-composite.eu\/fr\/materiaux-composites-a-rennes\/\">Mat\u00e9riaux composites \u00e0 Rennes<\/a><\/li><li class=\"elementor-sitemap-item elementor-sitemap-item-page page_item page-item-895\"><a href=\"https:\/\/carl-composite.eu\/fr\/materiaux-composites-a-strasbourg\/\">Mat\u00e9riaux composites \u00e0 Strasbourg<\/a><\/li><li class=\"elementor-sitemap-item elementor-sitemap-item-page page_item page-item-894\"><a href=\"https:\/\/carl-composite.eu\/fr\/materiaux-composites-a-nantes\/\">Mat\u00e9riaux composites \u00e0 Nantes<\/a><\/li><li class=\"elementor-sitemap-item elementor-sitemap-item-page page_item page-item-893\"><a href=\"https:\/\/carl-composite.eu\/fr\/materiaux-composites-a-nice\/\">Mat\u00e9riaux composites \u00e0 Nice<\/a><\/li><li class=\"elementor-sitemap-item elementor-sitemap-item-page page_item page-item-892\"><a href=\"https:\/\/carl-composite.eu\/fr\/materiaux-composites-a-bordeaux\/\">Mat\u00e9riaux composites \u00e0 Bordeaux<\/a><\/li><li class=\"elementor-sitemap-item elementor-sitemap-item-page page_item page-item-891\"><a href=\"https:\/\/carl-composite.eu\/fr\/materiaux-composites-a-lille\/\">Mat\u00e9riaux composites \u00e0 Lille<\/a><\/li><li class=\"elementor-sitemap-item elementor-sitemap-item-page page_item page-item-890\"><a href=\"https:\/\/carl-composite.eu\/fr\/materiaux-composites-a-toulouse\/\">Mat\u00e9riaux composites \u00e0 Toulouse<\/a><\/li><li class=\"elementor-sitemap-item elementor-sitemap-item-page page_item page-item-889\"><a href=\"https:\/\/carl-composite.eu\/fr\/materiaux-composites-a-marseille\/\">Mat\u00e9riaux composites \u00e0 Marseille<\/a><\/li><li class=\"elementor-sitemap-item elementor-sitemap-item-page page_item page-item-888\"><a href=\"https:\/\/carl-composite.eu\/fr\/materiaux-composites-a-lyon\/\">Mat\u00e9riaux composites \u00e0 Lyon<\/a><\/li><li class=\"elementor-sitemap-item elementor-sitemap-item-page page_item page-item-887\"><a href=\"https:\/\/carl-composite.eu\/fr\/materiaux-composites-a-paris\/\">Mat\u00e9riaux composites \u00e0 Paris<\/a><\/li><li class=\"elementor-sitemap-item elementor-sitemap-item-page page_item page-item-886\"><a href=\"https:\/\/carl-composite.eu\/fr\/pieces-carbone-aeronautique-a-rennes\/\">Pi\u00e8ces carbone a\u00e9ronautique \u00e0 Rennes<\/a><\/li><li class=\"elementor-sitemap-item elementor-sitemap-item-page page_item page-item-885\"><a href=\"https:\/\/carl-composite.eu\/fr\/pieces-carbone-aeronautique-a-strasbourg\/\">Pi\u00e8ces carbone a\u00e9ronautique \u00e0 Strasbourg<\/a><\/li><li class=\"elementor-sitemap-item elementor-sitemap-item-page page_item page-item-884\"><a href=\"https:\/\/carl-composite.eu\/fr\/pieces-carbone-aeronautique-a-nantes\/\">Pi\u00e8ces carbone a\u00e9ronautique \u00e0 Nantes<\/a><\/li><li class=\"elementor-sitemap-item elementor-sitemap-item-page page_item page-item-883\"><a href=\"https:\/\/carl-composite.eu\/fr\/pieces-carbone-aeronautique-a-nice\/\">Pi\u00e8ces carbone a\u00e9ronautique \u00e0 Nice<\/a><\/li><li class=\"elementor-sitemap-item elementor-sitemap-item-page page_item page-item-882\"><a href=\"https:\/\/carl-composite.eu\/fr\/pieces-carbone-aeronautique-a-bordeaux\/\">Pi\u00e8ces carbone a\u00e9ronautique \u00e0 Bordeaux<\/a><\/li><li class=\"elementor-sitemap-item elementor-sitemap-item-page page_item page-item-881\"><a href=\"https:\/\/carl-composite.eu\/fr\/pieces-carbone-aeronautique-a-lille\/\">Pi\u00e8ces carbone a\u00e9ronautique \u00e0 Lille<\/a><\/li><li class=\"elementor-sitemap-item elementor-sitemap-item-page page_item page-item-880\"><a href=\"https:\/\/carl-composite.eu\/fr\/pieces-carbone-aeronautique-a-toulouse\/\">Pi\u00e8ces carbone a\u00e9ronautique \u00e0 Toulouse<\/a><\/li><li class=\"elementor-sitemap-item elementor-sitemap-item-page page_item page-item-879\"><a href=\"https:\/\/carl-composite.eu\/fr\/pieces-carbone-aeronautique-a-marseille\/\">Pi\u00e8ces carbone a\u00e9ronautique \u00e0 Marseille<\/a><\/li><li class=\"elementor-sitemap-item elementor-sitemap-item-page page_item page-item-878\"><a href=\"https:\/\/carl-composite.eu\/fr\/pieces-carbone-aeronautique-a-lyon\/\">Pi\u00e8ces carbone a\u00e9ronautique \u00e0 Lyon<\/a><\/li><li class=\"elementor-sitemap-item elementor-sitemap-item-page page_item page-item-877\"><a href=\"https:\/\/carl-composite.eu\/fr\/pieces-carbone-aeronautique-a-paris\/\">Pi\u00e8ces carbone a\u00e9ronautique \u00e0 Paris<\/a><\/li><li class=\"elementor-sitemap-item elementor-sitemap-item-page page_item page-item-876\"><a href=\"https:\/\/carl-composite.eu\/fr\/carbone-sur-mesure-a-rennes\/\">Carbone sur mesure \u00e0 Rennes<\/a><\/li><li class=\"elementor-sitemap-item elementor-sitemap-item-page page_item page-item-875\"><a href=\"https:\/\/carl-composite.eu\/fr\/carbone-sur-mesure-a-strasbourg\/\">Carbone sur mesure \u00e0 Strasbourg<\/a><\/li><li class=\"elementor-sitemap-item elementor-sitemap-item-page page_item page-item-874\"><a href=\"https:\/\/carl-composite.eu\/fr\/carbone-sur-mesure-a-nantes\/\">Carbone sur mesure \u00e0 Nantes<\/a><\/li><li class=\"elementor-sitemap-item elementor-sitemap-item-page page_item page-item-873\"><a href=\"https:\/\/carl-composite.eu\/fr\/carbone-sur-mesure-a-nice\/\">Carbone sur mesure \u00e0 Nice<\/a><\/li><li class=\"elementor-sitemap-item elementor-sitemap-item-page page_item page-item-872\"><a href=\"https:\/\/carl-composite.eu\/fr\/carbone-sur-mesure-a-bordeaux\/\">Carbone sur mesure \u00e0 Bordeaux<\/a><\/li><li class=\"elementor-sitemap-item elementor-sitemap-item-page page_item page-item-871\"><a href=\"https:\/\/carl-composite.eu\/fr\/carbone-sur-mesure-a-lille\/\">Carbone sur mesure \u00e0 Lille<\/a><\/li><li class=\"elementor-sitemap-item elementor-sitemap-item-page page_item page-item-870\"><a href=\"https:\/\/carl-composite.eu\/fr\/carbone-sur-mesure-a-toulouse\/\">Carbone sur mesure \u00e0 Toulouse<\/a><\/li><li class=\"elementor-sitemap-item elementor-sitemap-item-page page_item page-item-869\"><a href=\"https:\/\/carl-composite.eu\/fr\/carbone-sur-mesure-a-marseille\/\">Carbone sur mesure \u00e0 Marseille<\/a><\/li><li class=\"elementor-sitemap-item elementor-sitemap-item-page page_item page-item-868\"><a href=\"https:\/\/carl-composite.eu\/fr\/carbone-sur-mesure-a-lyon\/\">Carbone sur mesure \u00e0 Lyon<\/a><\/li><li class=\"elementor-sitemap-item elementor-sitemap-item-page page_item page-item-867\"><a href=\"https:\/\/carl-composite.eu\/fr\/carbone-sur-mesure-a-paris\/\">Carbone sur mesure \u00e0 Paris<\/a><\/li><li class=\"elementor-sitemap-item elementor-sitemap-item-page page_item page-item-866\"><a href=\"https:\/\/carl-composite.eu\/fr\/fabrication-carbone-a-rennes\/\">Fabrication carbone \u00e0 Rennes<\/a><\/li><li class=\"elementor-sitemap-item elementor-sitemap-item-page page_item page-item-865\"><a href=\"https:\/\/carl-composite.eu\/fr\/fabrication-carbone-a-strasbourg\/\">Fabrication carbone \u00e0 Strasbourg<\/a><\/li><li class=\"elementor-sitemap-item elementor-sitemap-item-page page_item page-item-864\"><a href=\"https:\/\/carl-composite.eu\/fr\/fabrication-carbone-a-nantes\/\">Fabrication carbone \u00e0 Nantes<\/a><\/li><li class=\"elementor-sitemap-item elementor-sitemap-item-page page_item page-item-863\"><a href=\"https:\/\/carl-composite.eu\/fr\/fabrication-carbone-a-nice\/\">Fabrication carbone \u00e0 Nice<\/a><\/li><li class=\"elementor-sitemap-item elementor-sitemap-item-page page_item page-item-862\"><a href=\"https:\/\/carl-composite.eu\/fr\/fabrication-carbone-a-bordeaux\/\">Fabrication carbone \u00e0 Bordeaux<\/a><\/li><li class=\"elementor-sitemap-item elementor-sitemap-item-page page_item page-item-861\"><a href=\"https:\/\/carl-composite.eu\/fr\/fabrication-carbone-a-lille\/\">Fabrication carbone \u00e0 Lille<\/a><\/li><li class=\"elementor-sitemap-item elementor-sitemap-item-page page_item page-item-860\"><a href=\"https:\/\/carl-composite.eu\/fr\/fabrication-carbone-a-toulouse\/\">Fabrication carbone \u00e0 Toulouse<\/a><\/li><li class=\"elementor-sitemap-item elementor-sitemap-item-page page_item page-item-859\"><a href=\"https:\/\/carl-composite.eu\/fr\/fabrication-carbone-a-marseille\/\">Fabrication carbone \u00e0 Marseille<\/a><\/li><li class=\"elementor-sitemap-item elementor-sitemap-item-page page_item page-item-858\"><a href=\"https:\/\/carl-composite.eu\/fr\/fabrication-carbone-a-lyon\/\">Fabrication carbone \u00e0 Lyon<\/a><\/li><li class=\"elementor-sitemap-item elementor-sitemap-item-page page_item page-item-857\"><a href=\"https:\/\/carl-composite.eu\/fr\/fabrication-carbone-a-paris\/\">Fabrication carbone \u00e0 Paris<\/a><\/li><li class=\"elementor-sitemap-item elementor-sitemap-item-page page_item page-item-856\"><a href=\"https:\/\/carl-composite.eu\/fr\/composites-carbone-a-rennes\/\">Composites carbone \u00e0 Rennes<\/a><\/li><li class=\"elementor-sitemap-item elementor-sitemap-item-page page_item page-item-855\"><a href=\"https:\/\/carl-composite.eu\/fr\/composites-carbone-a-strasbourg\/\">Composites carbone \u00e0 Strasbourg<\/a><\/li><li class=\"elementor-sitemap-item elementor-sitemap-item-page page_item page-item-854\"><a href=\"https:\/\/carl-composite.eu\/fr\/composites-carbone-a-nantes\/\">Composites carbone \u00e0 Nantes<\/a><\/li><li class=\"elementor-sitemap-item elementor-sitemap-item-page page_item page-item-853\"><a href=\"https:\/\/carl-composite.eu\/fr\/composites-carbone-a-nice\/\">Composites carbone \u00e0 Nice<\/a><\/li><li class=\"elementor-sitemap-item elementor-sitemap-item-page page_item page-item-852\"><a href=\"https:\/\/carl-composite.eu\/fr\/composites-carbone-a-bordeaux\/\">Composites carbone \u00e0 Bordeaux<\/a><\/li><li class=\"elementor-sitemap-item elementor-sitemap-item-page page_item page-item-851\"><a href=\"https:\/\/carl-composite.eu\/fr\/composites-carbone-a-lille\/\">Composites carbone \u00e0 Lille<\/a><\/li><li class=\"elementor-sitemap-item elementor-sitemap-item-page page_item page-item-850\"><a href=\"https:\/\/carl-composite.eu\/fr\/composites-carbone-a-toulouse\/\">Composites carbone \u00e0 Toulouse<\/a><\/li><li class=\"elementor-sitemap-item elementor-sitemap-item-page page_item page-item-849\"><a href=\"https:\/\/carl-composite.eu\/fr\/composites-carbone-a-marseille\/\">Composites carbone \u00e0 Marseille<\/a><\/li><li class=\"elementor-sitemap-item elementor-sitemap-item-page page_item page-item-848\"><a href=\"https:\/\/carl-composite.eu\/fr\/composites-carbone-a-lyon\/\">Composites carbone \u00e0 Lyon<\/a><\/li><li class=\"elementor-sitemap-item elementor-sitemap-item-page page_item page-item-847\"><a href=\"https:\/\/carl-composite.eu\/fr\/composites-carbone-a-paris\/\">Composites carbone \u00e0 Paris<\/a><\/li><li class=\"elementor-sitemap-item elementor-sitemap-item-page page_item page-item-846\"><a href=\"https:\/\/carl-composite.eu\/fr\/pieces-en-carbone-a-rennes\/\">Pi\u00e8ces en carbone \u00e0 Rennes<\/a><\/li><li class=\"elementor-sitemap-item elementor-sitemap-item-page page_item page-item-845\"><a href=\"https:\/\/carl-composite.eu\/fr\/pieces-en-carbone-a-strasbourg\/\">Pi\u00e8ces en carbone \u00e0 Strasbourg<\/a><\/li><li class=\"elementor-sitemap-item elementor-sitemap-item-page page_item page-item-844\"><a href=\"https:\/\/carl-composite.eu\/fr\/pieces-en-carbone-a-nantes\/\">Pi\u00e8ces en carbone \u00e0 Nantes<\/a><\/li><li class=\"elementor-sitemap-item elementor-sitemap-item-page page_item page-item-843\"><a href=\"https:\/\/carl-composite.eu\/fr\/pieces-en-carbone-a-nice\/\">Pi\u00e8ces en carbone \u00e0 Nice<\/a><\/li><li class=\"elementor-sitemap-item elementor-sitemap-item-page page_item page-item-842\"><a href=\"https:\/\/carl-composite.eu\/fr\/pieces-en-carbone-a-bordeaux\/\">Pi\u00e8ces en carbone \u00e0 Bordeaux<\/a><\/li><li class=\"elementor-sitemap-item elementor-sitemap-item-page page_item page-item-841\"><a href=\"https:\/\/carl-composite.eu\/fr\/pieces-en-carbone-a-lille\/\">Pi\u00e8ces en carbone \u00e0 Lille<\/a><\/li><li class=\"elementor-sitemap-item elementor-sitemap-item-page page_item page-item-840\"><a href=\"https:\/\/carl-composite.eu\/fr\/pieces-en-carbone-a-toulouse\/\">Pi\u00e8ces en carbone \u00e0 Toulouse<\/a><\/li><li class=\"elementor-sitemap-item elementor-sitemap-item-page page_item page-item-839\"><a href=\"https:\/\/carl-composite.eu\/fr\/pieces-en-carbone-a-marseille\/\">Pi\u00e8ces en carbone \u00e0 Marseille<\/a><\/li><li class=\"elementor-sitemap-item elementor-sitemap-item-page page_item page-item-838\"><a href=\"https:\/\/carl-composite.eu\/fr\/pieces-en-carbone-a-lyon\/\">Pi\u00e8ces en carbone \u00e0 Lyon<\/a><\/li><li class=\"elementor-sitemap-item elementor-sitemap-item-page page_item page-item-837\"><a href=\"https:\/\/carl-composite.eu\/fr\/pieces-en-carbone-a-paris\/\">Pi\u00e8ces en carbone \u00e0 Paris<\/a><\/li><li class=\"elementor-sitemap-item elementor-sitemap-item-page page_item page-item-185\"><a href=\"https:\/\/carl-composite.eu\/fr\/nos-realisations\/\">Nos r\u00e9alisations<\/a><\/li><li class=\"elementor-sitemap-item elementor-sitemap-item-page page_item page-item-176\"><a href=\"https:\/\/carl-composite.eu\/fr\/accessibility-statement\/\">D\u00e9claration d&rsquo;accessibilit\u00e9<\/a><\/li><li class=\"elementor-sitemap-item elementor-sitemap-item-page page_item page-item-159\"><a href=\"https:\/\/carl-composite.eu\/fr\/european-projects\/\">Projets europ\u00e9ens<\/a><\/li><li class=\"elementor-sitemap-item elementor-sitemap-item-page page_item page-item-158\"><a href=\"https:\/\/carl-composite.eu\/fr\/rse\/\">Nos engagements<\/a><\/li><li class=\"elementor-sitemap-item elementor-sitemap-item-page page_item page-item-157\"><a href=\"https:\/\/carl-composite.eu\/fr\/nos-equipes\/\">Nos \u00e9quipes<\/a><\/li><li class=\"elementor-sitemap-item elementor-sitemap-item-page page_item page-item-156\"><a href=\"https:\/\/carl-composite.eu\/fr\/nos-outils-de-production\/\">Nos outils de production<\/a><\/li><li class=\"elementor-sitemap-item elementor-sitemap-item-page page_item page-item-155\"><a href=\"https:\/\/carl-composite.eu\/fr\/notre-expertise\/\">Notre savoir-faire<\/a><\/li><li class=\"elementor-sitemap-item elementor-sitemap-item-page page_item page-item-154\"><a href=\"https:\/\/carl-composite.eu\/fr\/nos-entreprises\/\">Nos entreprises<\/a><\/li><li class=\"elementor-sitemap-item elementor-sitemap-item-page page_item page-item-130\"><a href=\"https:\/\/carl-composite.eu\/fr\/recherches-frequentes\/\">Recherches fr\u00e9quentes<\/a><\/li><li class=\"elementor-sitemap-item elementor-sitemap-item-page page_item page-item-128\"><a href=\"https:\/\/carl-composite.eu\/fr\/plan-de-site\/\">Plan de site<\/a><\/li><li class=\"elementor-sitemap-item elementor-sitemap-item-page page_item page-item-29\"><a href=\"https:\/\/carl-composite.eu\/fr\/nous-contacter\/\">Nous contacter<\/a><\/li><li class=\"elementor-sitemap-item elementor-sitemap-item-page page_item page-item-5\"><a href=\"https:\/\/carl-composite.eu\/fr\/mentions-legales\/\">Mentions l\u00e9gales<\/a><\/li><li class=\"elementor-sitemap-item elementor-sitemap-item-page page_item page-item-3\"><a href=\"https:\/\/carl-composite.eu\/fr\/politique-de-confidentialite\/\">Politique de confidentialit\u00e9<\/a><\/li><li class=\"elementor-sitemap-item elementor-sitemap-item-page page_item page-item-2\"><a href=\"https:\/\/carl-composite.eu\/fr\/\">Accueil<\/a><\/li><\/ul><\/div><\/div>\t\t\t\t<\/div>\n\t\t\t\t<\/div>\n\t\t\t\t\t<\/div>\n\t\t\t\t<\/div>\n\t\t\t\t<\/div>\n\t\t","protected":false},"excerpt":{"rendered":"","protected":false},"author":1,"featured_media":0,"parent":0,"menu_order":0,"comment_status":"closed","ping_status":"closed","template":"elementor_header_footer","meta":{"_acf_changed":false,"rank_math_robots":null,"footnotes":""},"class_list":["post-128","page","type-page","status-publish","hentry"],"acf":[],"_links":{"self":[{"href":"https:\/\/carl-composite.eu\/fr\/wp-json\/wp\/v2\/pages\/128","targetHints":{"allow":["GET"]}}],"collection":[{"href":"https:\/\/carl-composite.eu\/fr\/wp-json\/wp\/v2\/pages"}],"about":[{"href":"https:\/\/carl-composite.eu\/fr\/wp-json\/wp\/v2\/types\/page"}],"author":[{"embeddable":true,"href":"https:\/\/carl-composite.eu\/fr\/wp-json\/wp\/v2\/users\/1"}],"replies":[{"embeddable":true,"href":"https:\/\/carl-composite.eu\/fr\/wp-json\/wp\/v2\/comments?post=128"}],"version-history":[{"count":4,"href":"https:\/\/carl-composite.eu\/fr\/wp-json\/wp\/v2\/pages\/128\/revisions"}],"predecessor-version":[{"id":939,"href":"https:\/\/carl-composite.eu\/fr\/wp-json\/wp\/v2\/pages\/128\/revisions\/939"}],"wp:attachment":[{"href":"https:\/\/carl-composite.eu\/fr\/wp-json\/wp\/v2\/media?parent=128"}],"curies":[{"name":"wp","href":"https:\/\/api.w.org\/{rel}","templated":true}]}}