{"id":157,"date":"2025-09-30T16:12:44","date_gmt":"2025-09-30T14:12:44","guid":{"rendered":"https:\/\/carl-composite.eu\/?page_id=157"},"modified":"2026-01-26T15:37:19","modified_gmt":"2026-01-26T14:37:19","slug":"nos-equipes","status":"publish","type":"page","link":"https:\/\/carl-composite.eu\/fr\/nos-equipes\/","title":{"rendered":"Nos \u00e9quipes"},"content":{"rendered":"\t\t<div data-elementor-type=\"wp-page\" data-elementor-id=\"157\" class=\"elementor elementor-157\" data-elementor-post-type=\"page\">\n\t\t\t\t<div class=\"elementor-element elementor-element-556d578 e-flex e-con-boxed e-con e-parent\" data-id=\"556d578\" data-element_type=\"container\" data-e-type=\"container\">\n\t\t\t\t\t<div class=\"e-con-inner\">\n\t\t<div class=\"elementor-element elementor-element-6207990 e-con-full e-flex e-con e-child\" data-id=\"6207990\" data-element_type=\"container\" data-e-type=\"container\">\n\t\t\t\t<div class=\"elementor-element elementor-element-276954e elementor-widget elementor-widget-heading\" data-id=\"276954e\" data-element_type=\"widget\" data-e-type=\"widget\" data-widget_type=\"heading.default\">\n\t\t\t\t<div class=\"elementor-widget-container\">\n\t\t\t\t\t<div class=\"elementor-heading-title elementor-size-default\">\u00c9QUIPES<\/div>\t\t\t\t<\/div>\n\t\t\t\t<\/div>\n\t\t\t\t<div class=\"elementor-element elementor-element-69e2b4b elementor-widget elementor-widget-heading\" data-id=\"69e2b4b\" data-element_type=\"widget\" data-e-type=\"widget\" data-widget_type=\"heading.default\">\n\t\t\t\t<div class=\"elementor-widget-container\">\n\t\t\t\t\t<h1 class=\"elementor-heading-title elementor-size-default\">CARL TEAMS<\/h1>\t\t\t\t<\/div>\n\t\t\t\t<\/div>\n\t\t\t\t<div class=\"elementor-element elementor-element-e669b9d elementor-widget elementor-widget-text-editor\" data-id=\"e669b9d\" data-element_type=\"widget\" data-e-type=\"widget\" data-widget_type=\"text-editor.default\">\n\t\t\t\t<div class=\"elementor-widget-container\">\n\t\t\t\t\t\t\t\t\t<p>Nos \u00e9quipes en France et en Roumanie travaillent en synergie pour mener \u00e0 bien vos projets. Riches de la diversit\u00e9 culturelle et de d\u00e9cennies d&rsquo;expertise technique, ils combinent exp\u00e9rience, passion et <a href=\"https:\/\/carl-composite.eu\/notre-expertise\/\">savoir-faire<\/a> pour fournir des solutions composites de premier ordre.<\/p>\t\t\t\t\t\t\t\t<\/div>\n\t\t\t\t<\/div>\n\t\t\t\t<div class=\"elementor-element elementor-element-13c7eb3 elementor-mobile-align-center elementor-align-center elementor-widget elementor-widget-button\" data-id=\"13c7eb3\" data-element_type=\"widget\" data-e-type=\"widget\" data-widget_type=\"button.default\">\n\t\t\t\t<div class=\"elementor-widget-container\">\n\t\t\t\t\t\t\t\t\t<div class=\"elementor-button-wrapper\">\n\t\t\t\t\t<a class=\"elementor-button elementor-button-link elementor-size-sm\" href=\"https:\/\/carl-composite.eu\/fr\/nous-contacter\/\">\n\t\t\t\t\t\t<span class=\"elementor-button-content-wrapper\">\n\t\t\t\t\t\t\t\t\t<span class=\"elementor-button-text\">CONTACTEZ-NOUS<\/span>\n\t\t\t\t\t<\/span>\n\t\t\t\t\t<\/a>\n\t\t\t\t<\/div>\n\t\t\t\t\t\t\t\t<\/div>\n\t\t\t\t<\/div>\n\t\t\t\t<\/div>\n\t\t\t\t\t<\/div>\n\t\t\t\t<\/div>\n\t\t<div class=\"elementor-element elementor-element-bfa41c9 e-flex e-con-boxed e-con e-parent\" data-id=\"bfa41c9\" data-element_type=\"container\" data-e-type=\"container\">\n\t\t\t\t\t<div class=\"e-con-inner\">\n\t\t<div class=\"elementor-element elementor-element-9f346fe e-con-full e-flex e-con e-child\" data-id=\"9f346fe\" data-element_type=\"container\" data-e-type=\"container\">\n\t\t\t\t<div class=\"elementor-element elementor-element-e97c2f9 ekit-image-accordion-hover ekit-image-accordion-mobile-vertical ekit-image-accordion-horizontal elementor-widget elementor-widget-elementskit-image-accordion\" data-id=\"e97c2f9\" data-element_type=\"widget\" data-e-type=\"widget\" data-widget_type=\"elementskit-image-accordion.default\">\n\t\t\t\t<div class=\"elementor-widget-container\">\n\t\t\t\t\t<div class=\"ekit-wid-con\" >\t\t<div class=\"ekit-image-accordion elementskit-image-accordion-wraper\">\n\t\t\t                <input type=\"radio\" name=\"ekit_ia_e97c2f9\" id=\"ekit_ia_e97c2f9_0\" class=\"elementskit-single-image-accordion--input\" hidden>\n                <label for=\"ekit_ia_e97c2f9_0\" class=\"elementskit-single-image-accordion ekit-image-accordion-item\" style=\"background-image: url(https:\/\/carl-composite.eu\/wp-content\/uploads\/2025\/10\/Groupe-CARL-France-2023-scaled-1.jpg)\">\n                    <span class=\"elementskit-accordion-content\">\n\t\t\t\t\t\t\t\t\t\t\t\t\t<span class=\"elementskit-accordion-title-wraper\">\n\t\t\t\t\t\t\t\t<span class=\"elementskit-accordion-title \">\n\t\t\t\t\t\t\t\t\n\t\t\t\t\t\t\t\t\u00c9quipe France  \n\t\t\t\t\t\t\t\t\t\t\t\t\t\t\t\t<\/span>\n\t\t\t\t\t\t\t<\/span>\n\t\t\t\t\t\t\t                    <\/span>\n                <\/label>\n                            <input type=\"radio\" name=\"ekit_ia_e97c2f9\" id=\"ekit_ia_e97c2f9_1\" class=\"elementskit-single-image-accordion--input\" hidden>\n                <label for=\"ekit_ia_e97c2f9_1\" class=\"elementskit-single-image-accordion ekit-image-accordion-item\" style=\"background-image: url(https:\/\/carl-composite.eu\/wp-content\/uploads\/2025\/10\/Equipes-Ro-scaled-1.jpg)\">\n                    <span class=\"elementskit-accordion-content\">\n\t\t\t\t\t\t\t\t\t\t\t\t\t<span class=\"elementskit-accordion-title-wraper\">\n\t\t\t\t\t\t\t\t<span class=\"elementskit-accordion-title \">\n\t\t\t\t\t\t\t\t\n\t\t\t\t\t\t\t\t\u00c9quipe Roumanie  \n\t\t\t\t\t\t\t\t\t\t\t\t\t\t\t\t<\/span>\n\t\t\t\t\t\t\t<\/span>\n\t\t\t\t\t\t\t                    <\/span>\n                <\/label>\n                    <\/div>\n    <\/div>\t\t\t\t<\/div>\n\t\t\t\t<\/div>\n\t\t\t\t<\/div>\n\t\t\t\t\t<\/div>\n\t\t\t\t<\/div>\n\t\t<div class=\"elementor-element elementor-element-29e2b8b e-flex e-con-boxed e-con e-parent\" data-id=\"29e2b8b\" data-element_type=\"container\" data-e-type=\"container\" data-settings=\"{&quot;background_background&quot;:&quot;classic&quot;}\">\n\t\t\t\t\t<div class=\"e-con-inner\">\n\t\t<div class=\"elementor-element elementor-element-5985c25 e-con-full e-flex e-con e-child\" data-id=\"5985c25\" data-element_type=\"container\" data-e-type=\"container\">\n\t\t\t\t<div class=\"elementor-element elementor-element-d9c5f3d elementor-widget elementor-widget-heading\" data-id=\"d9c5f3d\" data-element_type=\"widget\" data-e-type=\"widget\" data-widget_type=\"heading.default\">\n\t\t\t\t<div class=\"elementor-widget-container\">\n\t\t\t\t\t<div class=\"elementor-heading-title elementor-size-default\">FRANCE ET ROUMANIE<\/div>\t\t\t\t<\/div>\n\t\t\t\t<\/div>\n\t\t\t\t<div class=\"elementor-element elementor-element-a8578e1 elementor-hidden-tablet elementor-hidden-mobile elementor-widget elementor-widget-heading\" data-id=\"a8578e1\" data-element_type=\"widget\" data-e-type=\"widget\" data-widget_type=\"heading.default\">\n\t\t\t\t<div class=\"elementor-widget-container\">\n\t\t\t\t\t<h2 class=\"elementor-heading-title elementor-size-default\">NOS \u00c9QUIPES<\/h2>\t\t\t\t<\/div>\n\t\t\t\t<\/div>\n\t\t\t\t<div class=\"elementor-element elementor-element-ed56ed7 elementor-widget elementor-widget-text-editor\" data-id=\"ed56ed7\" data-element_type=\"widget\" data-e-type=\"widget\" data-widget_type=\"text-editor.default\">\n\t\t\t\t<div class=\"elementor-widget-container\">\n\t\t\t\t\t\t\t\t\t<div class=\"flex-1 overflow-hidden\">\n<div class=\"react-scroll-to-bottom--css-lawju-79elbk h-full dark:bg-gray-800\">\n<div class=\"react-scroll-to-bottom--css-lawju-1n7m0yu\">\n<div class=\"flex flex-col text-sm dark:bg-gray-800\">\n<div class=\"group final-completion w-full text-token-text-primary border-b border-black\/10 gizmo:border-0 dark:border-gray-900\/50 gizmo:dark:border-0 bg-gray-50 gizmo:bg-transparent dark:bg-[#444654] gizmo:dark:bg-transparent\" data-testid=\"conversation-turn-122\">\n<div class=\"p-4 justify-center text-base md:gap-6 md:py-6 m-auto\">\n<div class=\"flex flex-1 gap-4 text-base mx-auto md:gap-6 gizmo:gap-3 gizmo:md:px-5 gizmo:lg:px-1 gizmo:xl:px-5 md:max-w-2xl lg:max-w-[38rem] gizmo:md:max-w-3xl gizmo:lg:max-w-[40rem] gizmo:xl:max-w-[48rem] xl:max-w-3xl }\">\n<div class=\"relative flex w-[calc(100%-50px)] flex-col gizmo:w-full lg:w-[calc(100%-115px)] agent-turn\">\n<div class=\"flex-col gap-1 md:gap-3\">\n<div class=\"flex flex-grow flex-col gap-3 max-w-full\">\n<div class=\"min-h-[20px] flex flex-col items-start gap-3 whitespace-pre-wrap break-words overflow-x-auto\">\n<div class=\"markdown prose w-full break-words dark:prose-invert dark\">\n<p>Notre <strong>\u00e9quipe de 200 personnes<\/strong> incarne l&rsquo;essentiel du savoir-faire technique et op\u00e9rationnel n\u00e9cessaire \u00e0 la gestion de projets.<\/p>\n<p>La <strong>division Administration <\/strong>est le pilier organisationnel qui orchestre la fluidit\u00e9 des op\u00e9rations.<\/p>\n<p>Le <strong>d\u00e9partement des ventes<\/strong>, dynamique et proactif, cr\u00e9e des contacts solides avec nos partenaires.<\/p>\n<p>Le <strong>bureau d&rsquo;\u00e9tudes<\/strong> collabore avec le client pour trouver la solution id\u00e9ale, tandis que les ateliers concr\u00e9tisent vos projets.<\/p>\n<\/div>\n<\/div>\n<\/div>\n<\/div>\n<\/div>\n<\/div>\n<\/div>\n<\/div>\n<\/div>\n<\/div>\n<\/div>\n<\/div>\n\t\t\t\t\t\t\t\t<\/div>\n\t\t\t\t<\/div>\n\t\t\t\t<\/div>\n\t\t\t\t\t<\/div>\n\t\t\t\t<\/div>\n\t\t<div class=\"elementor-element elementor-element-4b50273 elementor-hidden-desktop elementor-hidden-tablet elementor-hidden-mobile e-flex e-con-boxed e-con e-parent\" data-id=\"4b50273\" data-element_type=\"container\" data-e-type=\"container\" data-settings=\"{&quot;background_background&quot;:&quot;classic&quot;}\">\n\t\t\t\t\t<div class=\"e-con-inner\">\n\t\t<div class=\"elementor-element elementor-element-e14f655 e-con-full e-flex e-con e-child\" data-id=\"e14f655\" data-element_type=\"container\" data-e-type=\"container\">\n\t\t\t\t<div class=\"elementor-element elementor-element-f6291ee elementor-widget elementor-widget-heading\" data-id=\"f6291ee\" data-element_type=\"widget\" data-e-type=\"widget\" data-widget_type=\"heading.default\">\n\t\t\t\t<div class=\"elementor-widget-container\">\n\t\t\t\t\t<div class=\"elementor-heading-title elementor-size-default\">DESCRIPTION DU PROJET<\/div>\t\t\t\t<\/div>\n\t\t\t\t<\/div>\n\t\t\t\t<div class=\"elementor-element elementor-element-07e6035 elementor-hidden-tablet elementor-hidden-mobile elementor-widget elementor-widget-heading\" data-id=\"07e6035\" data-element_type=\"widget\" data-e-type=\"widget\" data-widget_type=\"heading.default\">\n\t\t\t\t<div class=\"elementor-widget-container\">\n\t\t\t\t\t<h2 class=\"elementor-heading-title elementor-size-default\">Description du projet<\/h2>\t\t\t\t<\/div>\n\t\t\t\t<\/div>\n\t\t\t\t<div class=\"elementor-element elementor-element-d545d26 elementor-widget elementor-widget-text-editor\" data-id=\"d545d26\" data-element_type=\"widget\" data-e-type=\"widget\" data-widget_type=\"text-editor.default\">\n\t\t\t\t<div class=\"elementor-widget-container\">\n\t\t\t\t\t\t\t\t\t<p>Nom du b\u00e9n\u00e9ficiaire : SC DCA DIMENSIONAL CONTROL SRL<\/p><p>Titre du projet : \u00ab EXTENSION ET D\u00c9VELOPPEMENT DCA DIMENSIONAL CONTROL SRL \u00bb<\/p><p>L&rsquo;objectif g\u00e9n\u00e9ral du projet est le d\u00e9veloppement \u00e9conomique et l&rsquo;augmentation de la comp\u00e9titivit\u00e9 par l&rsquo;investissement et l&rsquo;expansion sur le march\u00e9 de la fabrication de pi\u00e8ces JIG.<\/p><p>Objectifs sp\u00e9cifiques :<\/p><p>Objectif sp\u00e9cifique n\u00b0 1 \u2013 Achat d&rsquo;\u00e9quipements modernes<br \/>Objectif sp\u00e9cifique n\u00b0 2 \u2013 Mise en \u0153uvre de mesures visant \u00e0 am\u00e9liorer l&rsquo;environnement et \u00e0 garantir l&rsquo;\u00e9galit\u00e9 des chances<br \/>Objectif sp\u00e9cifique n\u00b0 3 \u2013 Participation \u00e0 des foires commerciales et r\u00e9alisation de certifications de produits et de processus<\/p><p>R\u00e9sultats attendus :<\/p><p>R\u00e9sultat escompt\u00e9 n\u00b0 1 \u2013 Achat d&rsquo;\u00e9quipements\/agencements \u2013 13<br \/>R\u00e9sultat escompt\u00e9 n\u00b0 2 \u2013 Achat d&rsquo;actifs incorporels \u2013 7<br \/>R\u00e9sultat escompt\u00e9 n\u00b0 3 \u2013 Participation \u00e0 des foires nationales\/externes \u2013 1<br \/>R\u00e9sultat escompt\u00e9 n\u00b0 4 \u2013 Certification\/recertification de processus et de produits \u2013 2<br \/>R\u00e9sultat escompt\u00e9 n\u00b0 5 \u2013 Certification du syst\u00e8me de gestion ISO 14001 \u2013 1<\/p><p>Budget total : 7 121 077,70 EUR<\/p><p>Budget de l&rsquo;UE : 2.454.504,30 EUR<\/p><p>Date de d\u00e9but : mars 2025<\/p><p>Date de fin : Mars 2027<\/p><p>Code SMIS : 329063<\/p><p>Pour obtenir des informations d\u00e9taill\u00e9es sur le programme r\u00e9gional Sud-Muntenia 2021-2027, veuillez consulter le site <a href=\"http:\/\/2021-2027.adrmuntenia.ro\" target=\"_blank\" rel=\"noopener\">2021-2027.adrmuntenia.ro<\/a>, et sur les autres programmes cofinanc\u00e9s par l&rsquo;Union europ\u00e9enne, veuillez consulter le site mfe.gov.ro.<\/p>\t\t\t\t\t\t\t\t<\/div>\n\t\t\t\t<\/div>\n\t\t\t\t<\/div>\n\t\t\t\t\t<\/div>\n\t\t\t\t<\/div>\n\t\t<div class=\"elementor-element elementor-element-46255df e-flex e-con-boxed e-con e-parent\" data-id=\"46255df\" data-element_type=\"container\" data-e-type=\"container\">\n\t\t\t\t\t<div class=\"e-con-inner\">\n\t\t\t\t<div class=\"elementor-element elementor-element-8de705f elementor-widget elementor-widget-global elementor-global-258 elementor-widget-jkit_accordion\" data-id=\"8de705f\" data-element_type=\"widget\" data-e-type=\"widget\" data-widget_type=\"jkit_accordion.default\">\n\t\t\t\t<div class=\"elementor-widget-container\">\n\t\t\t\t\t<div  class=\"jeg-elementor-kit jkit-accordion style-default jeg_module___69ebd66b677a5\" ><div class=\"card-wrapper \">\n                <div class=\"card-header\">\n                    <a href=\"#expand-1cdcdc3\" class=\"card-header-button\" aria-expanded=\"false\" data-target=\"#expand-1cdcdc3\" aria-controls=\"expand-1cdcdc3\">\n                        <span class=\"title\">Recherches fr\u00e9quentes<\/span><div class=\"right-icon-group\">\n                <div class=\"normal-icon\"><svg aria-hidden=\"true\" class=\"e-font-icon-svg e-fas-chevron-down\" viewBox=\"0 0 448 512\" xmlns=\"http:\/\/www.w3.org\/2000\/svg\"><path d=\"M207.029 381.476L12.686 187.132c-9.373-9.373-9.373-24.569 0-33.941l22.667-22.667c9.357-9.357 24.522-9.375 33.901-.04L224 284.505l154.745-154.021c9.379-9.335 24.544-9.317 33.901.04l22.667 22.667c9.373 9.373 9.373 24.569 0 33.941L240.971 381.476c-9.373 9.372-24.569 9.372-33.942 0z\"><\/path><\/svg><\/div>\n                <div class=\"active-icon\"><svg aria-hidden=\"true\" class=\"e-font-icon-svg e-fas-chevron-up\" viewBox=\"0 0 448 512\" xmlns=\"http:\/\/www.w3.org\/2000\/svg\"><path d=\"M240.971 130.524l194.343 194.343c9.373 9.373 9.373 24.569 0 33.941l-22.667 22.667c-9.357 9.357-24.522 9.375-33.901.04L224 227.495 69.255 381.516c-9.379 9.335-24.544 9.317-33.901-.04l-22.667-22.667c-9.373-9.373-9.373-24.569 0-33.941L207.03 130.525c9.372-9.373 24.568-9.373 33.941-.001z\"><\/path><\/svg><\/div>\n            <\/div>\n                    <\/a>\n                <\/div>\n                <div class=\"card-expand\" id=\"expand-1cdcdc3\" style=\"display:none\"><div class=\"card-body\"><\/div><\/div>\n            <\/div><\/div>\t\t\t\t<\/div>\n\t\t\t\t<\/div>\n\t\t\t\t\t<\/div>\n\t\t\t\t<\/div>\n\t\t\t\t<\/div>\n\t\t","protected":false},"excerpt":{"rendered":"<p>\u00c9QUIPES CARL TEAMS Nos \u00e9quipes en France et en Roumanie travaillent en synergie pour mener \u00e0 bien vos projets. Riches de la diversit\u00e9 culturelle et de d\u00e9cennies d&rsquo;expertise technique, ils combinent exp\u00e9rience, passion et savoir-faire pour fournir des solutions composites de premier ordre. CONTACTEZ-NOUS \u00c9quipe France \u00c9quipe Roumanie FRANCE ET ROUMANIE NOS \u00c9QUIPES Notre \u00e9quipe [&hellip;]<\/p>\n","protected":false},"author":1,"featured_media":194,"parent":0,"menu_order":0,"comment_status":"closed","ping_status":"closed","template":"elementor_header_footer","meta":{"_acf_changed":false,"rank_math_robots":"","footnotes":""},"class_list":["post-157","page","type-page","status-publish","has-post-thumbnail","hentry"],"acf":[],"_links":{"self":[{"href":"https:\/\/carl-composite.eu\/fr\/wp-json\/wp\/v2\/pages\/157","targetHints":{"allow":["GET"]}}],"collection":[{"href":"https:\/\/carl-composite.eu\/fr\/wp-json\/wp\/v2\/pages"}],"about":[{"href":"https:\/\/carl-composite.eu\/fr\/wp-json\/wp\/v2\/types\/page"}],"author":[{"embeddable":true,"href":"https:\/\/carl-composite.eu\/fr\/wp-json\/wp\/v2\/users\/1"}],"replies":[{"embeddable":true,"href":"https:\/\/carl-composite.eu\/fr\/wp-json\/wp\/v2\/comments?post=157"}],"version-history":[{"count":20,"href":"https:\/\/carl-composite.eu\/fr\/wp-json\/wp\/v2\/pages\/157\/revisions"}],"predecessor-version":[{"id":1028,"href":"https:\/\/carl-composite.eu\/fr\/wp-json\/wp\/v2\/pages\/157\/revisions\/1028"}],"wp:featuredmedia":[{"embeddable":true,"href":"https:\/\/carl-composite.eu\/fr\/wp-json\/wp\/v2\/media\/194"}],"wp:attachment":[{"href":"https:\/\/carl-composite.eu\/fr\/wp-json\/wp\/v2\/media?parent=157"}],"curies":[{"name":"wp","href":"https:\/\/api.w.org\/{rel}","templated":true}]}}