{"id":159,"date":"2025-09-30T16:15:25","date_gmt":"2025-09-30T14:15:25","guid":{"rendered":"https:\/\/carl-composite.eu\/?page_id=159"},"modified":"2025-10-07T14:35:57","modified_gmt":"2025-10-07T12:35:57","slug":"european-projects","status":"publish","type":"page","link":"https:\/\/carl-composite.eu\/fr\/european-projects\/","title":{"rendered":"Projets europ\u00e9ens"},"content":{"rendered":"\t\t<div data-elementor-type=\"wp-page\" data-elementor-id=\"159\" class=\"elementor elementor-159\" data-elementor-post-type=\"page\">\n\t\t\t\t<div class=\"elementor-element elementor-element-4063080 e-flex e-con-boxed e-con e-parent\" data-id=\"4063080\" data-element_type=\"container\" data-e-type=\"container\" data-settings=\"{&quot;background_background&quot;:&quot;classic&quot;}\">\n\t\t\t\t\t<div class=\"e-con-inner\">\n\t\t\t\t<div class=\"elementor-element elementor-element-63d5643 elementor-widget elementor-widget-heading\" data-id=\"63d5643\" data-element_type=\"widget\" data-e-type=\"widget\" data-widget_type=\"heading.default\">\n\t\t\t\t<div class=\"elementor-widget-container\">\n\t\t\t\t\t<h1 class=\"elementor-heading-title elementor-size-default\">Projets europ\u00e9ens<\/h1>\t\t\t\t<\/div>\n\t\t\t\t<\/div>\n\t\t\t\t\t<\/div>\n\t\t\t\t<\/div>\n\t\t<div class=\"elementor-element elementor-element-b0501cb e-flex e-con-boxed e-con e-parent\" data-id=\"b0501cb\" data-element_type=\"container\" data-e-type=\"container\">\n\t\t\t\t\t<div class=\"e-con-inner\">\n\t\t\t\t<div class=\"elementor-element elementor-element-08f0ea6 elementor-widget elementor-widget-image\" data-id=\"08f0ea6\" data-element_type=\"widget\" data-e-type=\"widget\" data-widget_type=\"image.default\">\n\t\t\t\t<div class=\"elementor-widget-container\">\n\t\t\t\t\t\t\t\t\t\t\t\t\t\t\t<img fetchpriority=\"high\" decoding=\"async\" width=\"1360\" height=\"152\" src=\"https:\/\/carl-composite.eu\/wp-content\/uploads\/2025\/10\/Capture_d_ecran_2025-08-01_a_09.13.36-removebg-preview.png\" class=\"attachment-full size-full wp-image-427\" alt=\"\" srcset=\"https:\/\/carl-composite.eu\/wp-content\/uploads\/2025\/10\/Capture_d_ecran_2025-08-01_a_09.13.36-removebg-preview.png 1360w, https:\/\/carl-composite.eu\/wp-content\/uploads\/2025\/10\/Capture_d_ecran_2025-08-01_a_09.13.36-removebg-preview-300x34.png 300w, https:\/\/carl-composite.eu\/wp-content\/uploads\/2025\/10\/Capture_d_ecran_2025-08-01_a_09.13.36-removebg-preview-1024x114.png 1024w, https:\/\/carl-composite.eu\/wp-content\/uploads\/2025\/10\/Capture_d_ecran_2025-08-01_a_09.13.36-removebg-preview-768x86.png 768w\" sizes=\"(max-width: 1360px) 100vw, 1360px\" \/>\t\t\t\t\t\t\t\t\t\t\t\t\t\t\t<\/div>\n\t\t\t\t<\/div>\n\t\t\t\t<div class=\"elementor-element elementor-element-145af15 elementor-widget elementor-widget-heading\" data-id=\"145af15\" data-element_type=\"widget\" data-e-type=\"widget\" data-widget_type=\"heading.default\">\n\t\t\t\t<div class=\"elementor-widget-container\">\n\t\t\t\t\t<h2 class=\"elementor-heading-title elementor-size-default\">Description du projet\n<\/h2>\t\t\t\t<\/div>\n\t\t\t\t<\/div>\n\t\t\t\t<div class=\"elementor-element elementor-element-843ee73 elementor-widget elementor-widget-text-editor\" data-id=\"843ee73\" data-element_type=\"widget\" data-e-type=\"widget\" data-widget_type=\"text-editor.default\">\n\t\t\t\t<div class=\"elementor-widget-container\">\n\t\t\t\t\t\t\t\t\t<p><strong>Denumirea beneficiarului<\/strong>: CARL MANUFACTURING S.R.L.<br><strong>Titlul proiectului<\/strong>: \u00ab\u00a0DEZVOLTAREA SOCIET\u0102\u021aII CARL MANUFACTURING S.R.L.<strong>\u00ab\u00a0<\/strong><br><strong>Obiectivul general al proiectului<\/strong> este dezvoltarea economic\u0103 \u0219i cre\u0219terea competitivit\u0103\u021bii<br>prin realizarea de investi\u021bii \u0219i extinderea pe pia\u021ba fabric\u0103rii de caroserii pentru autovehicule.<\/p><p><strong>Sp\u00e9cification obiective<\/strong>:<\/p><p>\u2013 Obiectiv specific nr. 1 \u2013 Achizi\u021bionarea unor echipamente moderne<br>\u2013 Obiectiv specific nr. 2 \u2013 Implementarea de m\u0103suri pentru \u00eembun\u0103t\u0103\u021birea mediului<br>\u00eenconjur\u0103tor \u0219i pentru asigurarea egalit\u0103\u021bii de \u0219anse<br>\u2013 Obiectiv specific nr. 3 \u2013 Participarea la t\u00e2rguri \u0219i realizarea de certific\u0103ri produs \u0219i proces<\/p><p><strong>Rezultate preconizate<\/strong>:<\/p><p>\u2013 Rezultat preconizat nr. 1 \u2013 Echipamente\/dot\u0103ri achizi\u021bionate \u2013 11<br>\u2013 Rezultat preconizat nr. 2 \u2013 Active necorporale achizi\u021bionate \u2013 1<br>\u2013 Rezultat preconizat nr. 3 \u2013 Participarea la t\u00e2rguri na\u021bionale\/ externe \u2013 1<br>\u2013 Rezultat preconizat nr. 4 \u2013 Certificare\/ recertificare proces si produs \u2013 2<br>\u2013 Rezultat preconizat nr. 5 \u2013 Certificare ISO 14001 sistem de management \u2013 1<\/p><p><strong>Buget total<\/strong>: 5.824.290,73 EUR<br><strong>Buget UE<\/strong>: 1.988.637,51 EUR<br><strong>Data de \u00eencepere<\/strong>: mai 2025<br><strong>Data de finalizare<\/strong>: mai 2027<br><strong>Codul SMIS<\/strong>: 328832<\/p><p>Pour obtenir des informations d\u00e9taill\u00e9es sur le programme r\u00e9gional Sud-Muntenia 2021-2027, veuillez consulter<br>invit\u0103m s\u0103 vizita\u021bi <a href=\"https:\/\/2021-2027.adrmuntenia.ro\/\" target=\"_blank\" rel=\"noopener\">2021-2027.adrmuntenia.ro<\/a>, ou acc\u00e9der \u00e0 <a href=\"https:\/\/mfe.gov.ro\/\" target=\"_blank\" rel=\"noopener\">mfe.gov.ro<\/a> pour obtenir des informations sur le programme cofinanc\u00e9 par l&rsquo;Union europ\u00e9enne (<br>).<\/p>\t\t\t\t\t\t\t\t<\/div>\n\t\t\t\t<\/div>\n\t\t\t\t\t<\/div>\n\t\t\t\t<\/div>\n\t\t\t\t<\/div>\n\t\t","protected":false},"excerpt":{"rendered":"<p>Description du projet Denumirea beneficiarului: CARL MANUFACTURING S.R.L.Titlul proiectului: \u00ab\u00a0DEZVOLTAREA SOCIET\u0102\u021aII CARL MANUFACTURING S.R.L.\u00ab\u00a0Obiectivul general al proiectului este dezvoltarea economic\u0103 \u0219i cre\u0219terea competitivit\u0103\u021biiprin realizarea de investi\u021bii \u0219i extinderea pe pia\u021ba fabric\u0103rii de caroserii pentru autovehicule. Sp\u00e9cification obiective: \u2013 Obiectiv specific nr. 1 \u2013 Achizi\u021bionarea unor echipamente moderne\u2013 Obiectiv specific nr. 2 \u2013 Implementarea de m\u0103suri [&hellip;]<\/p>\n","protected":false},"author":1,"featured_media":194,"parent":0,"menu_order":0,"comment_status":"closed","ping_status":"closed","template":"elementor_header_footer","meta":{"_acf_changed":false,"rank_math_robots":"","footnotes":""},"class_list":["post-159","page","type-page","status-publish","has-post-thumbnail","hentry"],"acf":[],"_links":{"self":[{"href":"https:\/\/carl-composite.eu\/fr\/wp-json\/wp\/v2\/pages\/159","targetHints":{"allow":["GET"]}}],"collection":[{"href":"https:\/\/carl-composite.eu\/fr\/wp-json\/wp\/v2\/pages"}],"about":[{"href":"https:\/\/carl-composite.eu\/fr\/wp-json\/wp\/v2\/types\/page"}],"author":[{"embeddable":true,"href":"https:\/\/carl-composite.eu\/fr\/wp-json\/wp\/v2\/users\/1"}],"replies":[{"embeddable":true,"href":"https:\/\/carl-composite.eu\/fr\/wp-json\/wp\/v2\/comments?post=159"}],"version-history":[{"count":11,"href":"https:\/\/carl-composite.eu\/fr\/wp-json\/wp\/v2\/pages\/159\/revisions"}],"predecessor-version":[{"id":436,"href":"https:\/\/carl-composite.eu\/fr\/wp-json\/wp\/v2\/pages\/159\/revisions\/436"}],"wp:featuredmedia":[{"embeddable":true,"href":"https:\/\/carl-composite.eu\/fr\/wp-json\/wp\/v2\/media\/194"}],"wp:attachment":[{"href":"https:\/\/carl-composite.eu\/fr\/wp-json\/wp\/v2\/media?parent=159"}],"curies":[{"name":"wp","href":"https:\/\/api.w.org\/{rel}","templated":true}]}}