{"id":176,"date":"2025-09-30T16:27:22","date_gmt":"2025-09-30T14:27:22","guid":{"rendered":"https:\/\/carl-composite.eu\/accessibility-statement\/"},"modified":"2025-10-14T09:26:20","modified_gmt":"2025-10-14T07:26:20","slug":"accessibility-statement","status":"publish","type":"page","link":"https:\/\/carl-composite.eu\/fr\/accessibility-statement\/","title":{"rendered":"D\u00e9claration d&rsquo;accessibilit\u00e9"},"content":{"rendered":"\t\t<div data-elementor-type=\"wp-page\" data-elementor-id=\"176\" class=\"elementor elementor-176\" data-elementor-post-type=\"page\">\n\t\t\t\t<div class=\"elementor-element elementor-element-257acb66 e-flex e-con-boxed e-con e-parent\" data-id=\"257acb66\" data-element_type=\"container\" data-e-type=\"container\">\n\t\t\t\t\t<div class=\"e-con-inner\">\n\t\t\t\t<div class=\"elementor-element elementor-element-2fa94a6 elementor-widget elementor-widget-text-editor\" data-id=\"2fa94a6\" data-element_type=\"widget\" data-e-type=\"widget\" data-widget_type=\"text-editor.default\">\n\t\t\t\t<div class=\"elementor-widget-container\">\n\t\t\t\t\t\t\t\t\t\n<h6 class=\"wp-block-heading has-text-align-center\">D\u00e9claration d&rsquo;accessibilit\u00e9 pour https:\/\/carl-composite.eu\/<\/h6>\n\n<p>Carl Composite s&rsquo;engage \u00e0 garantir l&rsquo;accessibilit\u00e9 num\u00e9rique aux personnes handicap\u00e9es. Nous am\u00e9liorons continuellement l&rsquo;exp\u00e9rience utilisateur pour tous et appliquons les normes d&rsquo;accessibilit\u00e9 pertinentes.<\/p>\n\n<p>Statut de conformit\u00e9<\/p>\n\n<p>Les directives pour l&rsquo;accessibilit\u00e9 des contenus Web (WCAG) d\u00e9finissent les exigences auxquelles doivent se conformer les concepteurs et les d\u00e9veloppeurs afin d&rsquo;am\u00e9liorer l&rsquo;accessibilit\u00e9 pour les personnes handicap\u00e9es. Elles d\u00e9finissent trois niveaux de conformit\u00e9 : niveau A, niveau AA et niveau AAA.<\/p>\n\n<p>Carl composite s&rsquo;efforce en permanence d&rsquo;am\u00e9liorer l&rsquo;accessibilit\u00e9 de son site et de ses services, convaincu qu&rsquo;il est de notre devoir moral collectif de permettre une utilisation fluide, accessible et sans entrave \u00e0 ceux d&rsquo;entre nous qui sont handicap\u00e9s.<\/p>\n\n<p>Nous nous effor\u00e7ons de rendre toutes les pages et tous les contenus du site https:\/\/carl-composite.eu\/ accessibles, mais certains contenus peuvent ne pas encore r\u00e9pondre pleinement aux normes d&rsquo;accessibilit\u00e9 les plus \u00e9lev\u00e9es. Cela peut \u00eatre d\u00fb \u00e0 des difficult\u00e9s pour identifier la solution technologique la plus appropri\u00e9e.<\/p>\n\n<p>Nous pouvons r\u00e9viser cette d\u00e9claration p\u00e9riodiquement afin de refl\u00e9ter les am\u00e9liorations ou les changements apport\u00e9s \u00e0 nos pratiques en mati\u00e8re d&rsquo;accessibilit\u00e9.<\/p>\n\n<p>Retour<\/p>\n\n<p>Nous appr\u00e9cions vos commentaires sur l&rsquo;accessibilit\u00e9 du site web de Carl Composite. Veuillez nous faire savoir si vous rencontrez des obstacles \u00e0 l&rsquo;accessibilit\u00e9 sur notre site web :<\/p>\n\n<p>E-mail : contact@carl-composite.eu<\/p>\n\n<p>Nous nous effor\u00e7ons de r\u00e9pondre aux commentaires dans un d\u00e9lai de 3 \u00e0 5 jours ouvrables.<\/p>\n\n<p>Cette d\u00e9claration a \u00e9t\u00e9 cr\u00e9\u00e9e le 30\/09\/2025.<\/p>\n\t\t\t\t\t\t\t\t<\/div>\n\t\t\t\t<\/div>\n\t\t\t\t\t<\/div>\n\t\t\t\t<\/div>\n\t\t\t\t<\/div>\n\t\t","protected":false},"excerpt":{"rendered":"<p>D\u00e9claration d&rsquo;accessibilit\u00e9 pour https:\/\/carl-composite.eu\/ Carl Composite s&rsquo;engage \u00e0 garantir l&rsquo;accessibilit\u00e9 num\u00e9rique aux personnes handicap\u00e9es. Nous am\u00e9liorons continuellement l&rsquo;exp\u00e9rience utilisateur pour tous et appliquons les normes d&rsquo;accessibilit\u00e9 pertinentes. Statut de conformit\u00e9 Les directives pour l&rsquo;accessibilit\u00e9 des contenus Web (WCAG) d\u00e9finissent les exigences auxquelles doivent se conformer les concepteurs et les d\u00e9veloppeurs afin d&rsquo;am\u00e9liorer l&rsquo;accessibilit\u00e9 pour les [&hellip;]<\/p>\n","protected":false},"author":1,"featured_media":0,"parent":0,"menu_order":0,"comment_status":"closed","ping_status":"closed","template":"elementor_header_footer","meta":{"_acf_changed":false,"rank_math_robots":"","footnotes":""},"class_list":["post-176","page","type-page","status-publish","hentry"],"acf":[],"_links":{"self":[{"href":"https:\/\/carl-composite.eu\/fr\/wp-json\/wp\/v2\/pages\/176","targetHints":{"allow":["GET"]}}],"collection":[{"href":"https:\/\/carl-composite.eu\/fr\/wp-json\/wp\/v2\/pages"}],"about":[{"href":"https:\/\/carl-composite.eu\/fr\/wp-json\/wp\/v2\/types\/page"}],"author":[{"embeddable":true,"href":"https:\/\/carl-composite.eu\/fr\/wp-json\/wp\/v2\/users\/1"}],"replies":[{"embeddable":true,"href":"https:\/\/carl-composite.eu\/fr\/wp-json\/wp\/v2\/comments?post=176"}],"version-history":[{"count":5,"href":"https:\/\/carl-composite.eu\/fr\/wp-json\/wp\/v2\/pages\/176\/revisions"}],"predecessor-version":[{"id":985,"href":"https:\/\/carl-composite.eu\/fr\/wp-json\/wp\/v2\/pages\/176\/revisions\/985"}],"wp:attachment":[{"href":"https:\/\/carl-composite.eu\/fr\/wp-json\/wp\/v2\/media?parent=176"}],"curies":[{"name":"wp","href":"https:\/\/api.w.org\/{rel}","templated":true}]}}